{"id":1652,"date":"2021-10-08T16:03:27","date_gmt":"2021-10-08T14:03:27","guid":{"rendered":"https:\/\/www.alltransport.se\/wilssons\/"},"modified":"2022-05-11T11:49:05","modified_gmt":"2022-05-11T09:49:05","slug":"wilssons","status":"publish","type":"page","link":"https:\/\/www.alltransport.se\/en\/wilssons\/","title":{"rendered":"Wilssons"},"content":{"rendered":"<p>[et_pb_section fb_built=&#8221;1&#8243; _builder_version=&#8221;4.0.5&#8243; custom_padding=&#8221;40px|||||&#8221; global_colors_info=&#8221;{}&#8221;][et_pb_row _builder_version=&#8221;4.0.5&#8243; custom_padding=&#8221;0px|||||&#8221; global_colors_info=&#8221;{}&#8221;][et_pb_column type=&#8221;4_4&#8243; _builder_version=&#8221;4.0.5&#8243; global_colors_info=&#8221;{}&#8221;][et_pb_image src=&#8221;https:\/\/www.alltransport.se\/wp-content\/uploads\/2020\/03\/Wilsson_head.jpg&#8221; alt=&#8221;tunghantering&#8221; force_fullwidth=&#8221;on&#8221; _builder_version=&#8221;4.4.0&#8243; custom_margin=&#8221;||20px||false|false&#8221; global_colors_info=&#8221;{}&#8221;][\/et_pb_image][et_pb_text admin_label=&#8221;Rubrik&#8221; _builder_version=&#8221;4.4.0&#8243; background_enable_color=&#8221;off&#8221; custom_margin=&#8221;||||false|false&#8221; custom_padding=&#8221;||10px||false|true&#8221; header_font_size_tablet=&#8221;40px&#8221; header_font_size_phone=&#8221;20px&#8221; header_font_size_last_edited=&#8221;on|tablet&#8221; border_width_bottom=&#8221;3px&#8221; border_color_bottom=&#8221;#1e3556&#8243; global_colors_info=&#8221;{}&#8221;]<\/p>\n<h1>Wilssons\u00a0<\/h1>\n<p>[\/et_pb_text][et_pb_text _builder_version=&#8221;4.5.2&#8243; header_font_size_tablet=&#8221;40px&#8221; header_font_size_phone=&#8221;22px&#8221; header_font_size_last_edited=&#8221;on|phone&#8221; header_2_font_size_tablet=&#8221;24px&#8221; header_2_font_size_phone=&#8221;22px&#8221; header_2_font_size_last_edited=&#8221;on|phone&#8221; header_3_font_size_tablet=&#8221;18px&#8221; header_3_font_size_phone=&#8221;15px&#8221; header_3_font_size_last_edited=&#8221;on|phone&#8221; global_colors_info=&#8221;{}&#8221;]<\/p>\n<p>Wilssons \u00c5keri AB works in the fields of high pressure flushing, drain flushing, emptying, suction, cleaning, decontamination, maintenance, haulage and TV inspections of pipelines.<\/p>\n<h2>Wilssons also offers relining services.<\/h2>\n<h3>Relining is an alternative to pipe replacement, in which the inside of the pipes is relined with various materials.<\/h3>\n<p>At Wilssons, we use flexible lining (the stocking method) and polyester (the spray method). Each property is unique, so we and the customer together choose the most suitable method. On some projects, it can be useful to combine the two methods, depending on the prevailing circumstances. Pipe lining has an expected service life of at least 50 years, is cheaper than traditional pipe replacement and is significantly quicker.<\/p>\n<h3>Piping in properties<\/h3>\n<p>Many assignments involve piping in properties or the ground network: cleaning, flushing, TV recording and maintenance. Other assignments involve various tanks or vessels: emptying, cleaning and maintaining septic tanks, grease traps, oil tanks, sludge separators, etc.<\/p>\n<h3>Pipe inspections<\/h3>\n<p>Wilssons \u00c5keri is a member of STVF, the association of Swedish CCTV inspection companies, and the operators are authorised pipe inspectors. The company has self-propelled colour cameras equipped with rotatable lenses and satellite equipment that is able to undock from the main pipe and film in the service pipes (the pipes leading out from the main pipe). Five of the company\u2019s units are equipped to perform an assessment of the standard of the piping system using filming.<\/p>\n<h3>Hazardous waste<\/h3>\n<p>The company has extensive experience of, and a permit for, the handling and shipment of waste and hazardous waste. The company also has trained staff and a permit for ADR haulage work.<\/p>\n<p><em>The main office is in Norrk\u00f6ping, with a branch in Link\u00f6ping.<\/em><\/p>\n<p>[\/et_pb_text][et_pb_button button_url=&#8221;https:\/\/wilssons.se&#8221; url_new_window=&#8221;on&#8221; button_text=&#8221;Go to Wilssons website&#8221; _builder_version=&#8221;4.4.0&#8243; global_colors_info=&#8221;{}&#8221;][\/et_pb_button][\/et_pb_column][\/et_pb_row][\/et_pb_section][et_pb_section fb_built=&#8221;1&#8243; _builder_version=&#8221;4.0.5&#8243; background_color=&#8221;#1e3556&#8243; custom_padding=&#8221;40px|||||&#8221; global_colors_info=&#8221;{}&#8221;][et_pb_row _builder_version=&#8221;4.0.5&#8243; custom_padding=&#8221;0px|||||&#8221; global_colors_info=&#8221;{}&#8221;][et_pb_column type=&#8221;4_4&#8243; _builder_version=&#8221;4.0.5&#8243; global_colors_info=&#8221;{}&#8221;][et_pb_text admin_label=&#8221;V\u00e4lkommen att kontakta oss&#8221; _builder_version=&#8221;4.0.6&#8243; text_orientation=&#8221;center&#8221; background_layout=&#8221;dark&#8221; header_2_font_size_tablet=&#8221;&#8221; header_2_font_size_phone=&#8221;20px&#8221; header_2_font_size_last_edited=&#8221;on|phone&#8221; global_colors_info=&#8221;{}&#8221;]<\/p>\n<h2>Welcome to contact us<\/h2>\n<p>[\/et_pb_text][\/et_pb_column][\/et_pb_row][et_pb_row _builder_version=&#8221;4.0.5&#8243; background_color=&#8221;rgba(10,10,10,0.2)&#8221; custom_padding=&#8221;|25px||25px|false|true&#8221; global_colors_info=&#8221;{}&#8221;][et_pb_column type=&#8221;4_4&#8243; _builder_version=&#8221;4.0.5&#8243; global_colors_info=&#8221;{}&#8221;][et_pb_contact_form use_spam_service=&#8221;on&#8221; recaptcha_list=&#8221;alltransportse|alltransportse-0&#8243; recaptcha_min_score=&#8221;0.7&#8243; email=&#8221;info@alltransport.se&#8221; custom_message=&#8221;From: %%namn%%||et_pb_line_break_holder||E-post: %%epost%%||et_pb_line_break_holder||||et_pb_line_break_holder||Meddelande: %%meddelande%%&#8221; _builder_version=&#8221;4.13.1&#8243; _unique_id=&#8221;2c3e0487-e5c0-48ee-9914-0f34ff616840&#8243; form_field_background_color=&#8221;rgba(255,255,255,0.11)&#8221; form_field_text_color=&#8221;#ffffff&#8221; form_field_focus_text_color=&#8221;#FFFFFF&#8221; locked=&#8221;off&#8221; global_colors_info=&#8221;{}&#8221;][et_pb_contact_field field_id=&#8221;namn&#8221; field_title=&#8221;Name&#8221; _builder_version=&#8221;4.9.4&#8243; global_colors_info=&#8221;{}&#8221; button_text_size__hover_enabled=&#8221;off&#8221; button_one_text_size__hover_enabled=&#8221;off&#8221; button_two_text_size__hover_enabled=&#8221;off&#8221; button_text_color__hover_enabled=&#8221;off&#8221; button_one_text_color__hover_enabled=&#8221;off&#8221; button_two_text_color__hover_enabled=&#8221;off&#8221; button_border_width__hover_enabled=&#8221;off&#8221; button_one_border_width__hover_enabled=&#8221;off&#8221; button_two_border_width__hover_enabled=&#8221;off&#8221; button_border_color__hover_enabled=&#8221;off&#8221; button_one_border_color__hover_enabled=&#8221;off&#8221; button_two_border_color__hover_enabled=&#8221;off&#8221; button_border_radius__hover_enabled=&#8221;off&#8221; button_one_border_radius__hover_enabled=&#8221;off&#8221; button_two_border_radius__hover_enabled=&#8221;off&#8221; button_letter_spacing__hover_enabled=&#8221;off&#8221; button_one_letter_spacing__hover_enabled=&#8221;off&#8221; button_two_letter_spacing__hover_enabled=&#8221;off&#8221; button_bg_color__hover_enabled=&#8221;off&#8221; button_one_bg_color__hover_enabled=&#8221;off&#8221; button_two_bg_color__hover_enabled=&#8221;off&#8221;][\/et_pb_contact_field][et_pb_contact_field field_id=&#8221;epost&#8221; field_title=&#8221;E-mail&#8221; field_type=&#8221;email&#8221; _builder_version=&#8221;4.9.4&#8243; global_colors_info=&#8221;{}&#8221; button_text_size__hover_enabled=&#8221;off&#8221; button_one_text_size__hover_enabled=&#8221;off&#8221; button_two_text_size__hover_enabled=&#8221;off&#8221; button_text_color__hover_enabled=&#8221;off&#8221; button_one_text_color__hover_enabled=&#8221;off&#8221; button_two_text_color__hover_enabled=&#8221;off&#8221; button_border_width__hover_enabled=&#8221;off&#8221; button_one_border_width__hover_enabled=&#8221;off&#8221; button_two_border_width__hover_enabled=&#8221;off&#8221; button_border_color__hover_enabled=&#8221;off&#8221; button_one_border_color__hover_enabled=&#8221;off&#8221; button_two_border_color__hover_enabled=&#8221;off&#8221; button_border_radius__hover_enabled=&#8221;off&#8221; button_one_border_radius__hover_enabled=&#8221;off&#8221; button_two_border_radius__hover_enabled=&#8221;off&#8221; button_letter_spacing__hover_enabled=&#8221;off&#8221; button_one_letter_spacing__hover_enabled=&#8221;off&#8221; button_two_letter_spacing__hover_enabled=&#8221;off&#8221; button_bg_color__hover_enabled=&#8221;off&#8221; button_one_bg_color__hover_enabled=&#8221;off&#8221; button_two_bg_color__hover_enabled=&#8221;off&#8221;][\/et_pb_contact_field][et_pb_contact_field field_id=&#8221;meddelande&#8221; field_title=&#8221;Message&#8221; field_type=&#8221;text&#8221; fullwidth_field=&#8221;on&#8221; _builder_version=&#8221;4.9.4&#8243; global_colors_info=&#8221;{}&#8221; button_text_size__hover_enabled=&#8221;off&#8221; button_one_text_size__hover_enabled=&#8221;off&#8221; button_two_text_size__hover_enabled=&#8221;off&#8221; button_text_color__hover_enabled=&#8221;off&#8221; button_one_text_color__hover_enabled=&#8221;off&#8221; button_two_text_color__hover_enabled=&#8221;off&#8221; button_border_width__hover_enabled=&#8221;off&#8221; button_one_border_width__hover_enabled=&#8221;off&#8221; button_two_border_width__hover_enabled=&#8221;off&#8221; button_border_color__hover_enabled=&#8221;off&#8221; button_one_border_color__hover_enabled=&#8221;off&#8221; button_two_border_color__hover_enabled=&#8221;off&#8221; button_border_radius__hover_enabled=&#8221;off&#8221; button_one_border_radius__hover_enabled=&#8221;off&#8221; button_two_border_radius__hover_enabled=&#8221;off&#8221; button_letter_spacing__hover_enabled=&#8221;off&#8221; button_one_letter_spacing__hover_enabled=&#8221;off&#8221; button_two_letter_spacing__hover_enabled=&#8221;off&#8221; button_bg_color__hover_enabled=&#8221;off&#8221; button_one_bg_color__hover_enabled=&#8221;off&#8221; button_two_bg_color__hover_enabled=&#8221;off&#8221;][\/et_pb_contact_field][\/et_pb_contact_form][\/et_pb_column][\/et_pb_row][et_pb_row _builder_version=&#8221;4.0.5&#8243; custom_padding=&#8221;46px||0px|||&#8221; global_colors_info=&#8221;{}&#8221;][et_pb_column type=&#8221;4_4&#8243; _builder_version=&#8221;4.0.5&#8243; global_colors_info=&#8221;{}&#8221;][et_pb_text admin_label=&#8221;V\u00e4xel Nr&#8221; _builder_version=&#8221;4.0.6&#8243; header_2_font_size=&#8221;40px&#8221; text_orientation=&#8221;center&#8221; background_layout=&#8221;dark&#8221; header_2_font_size_tablet=&#8221;&#8221; header_2_font_size_phone=&#8221;35px&#8221; header_2_font_size_last_edited=&#8221;on|phone&#8221; global_colors_info=&#8221;{}&#8221;]<\/p>\n<h2>Phone: 011-19 83 00<\/h2>\n<p>[\/et_pb_text][\/et_pb_column][\/et_pb_row][\/et_pb_section]<\/p>\n","protected":false},"excerpt":{"rendered":"<p>Wilssons\u00a0Wilssons \u00c5keri AB works in the fields of high pressure flushing, drain flushing, emptying, suction, cleaning, decontamination, maintenance, haulage and TV inspections of pipelines. Wilssons also offers relining services. Relining is an alternative to pipe replacement, in which the inside of the pipes is relined with various materials. At Wilssons, we use flexible lining (the stocking method) and polyester (the spray method). Each property is unique, so we and the customer together choose the most suitable method. On some projects, it can be useful to combine the two methods, depending on the prevailing circumstances. Pipe lining has an expected service life of at least 50 years, is cheaper than traditional pipe replacement and is significantly quicker. Piping in properties Many assignments involve piping in properties or the ground network: cleaning, flushing, TV recording and maintenance. Other assignments involve various tanks or vessels: emptying, cleaning and maintaining septic tanks, grease traps, oil tanks, sludge separators, etc. Pipe inspections Wilssons \u00c5keri is a member of STVF, the association of Swedish CCTV inspection companies, and the operators are authorised pipe inspectors. The company has self-propelled colour cameras equipped with rotatable lenses and satellite equipment that is able to undock from the main pipe [&hellip;]<\/p>\n","protected":false},"author":1,"featured_media":0,"parent":0,"menu_order":0,"comment_status":"closed","ping_status":"closed","template":"","meta":{"_et_pb_use_builder":"on","_et_pb_old_content":"","_et_gb_content_width":"","footnotes":""},"class_list":["post-1652","page","type-page","status-publish","hentry"],"yoast_head":"<!-- This site is optimized with the Yoast SEO plugin v27.3 - https:\/\/yoast.com\/product\/yoast-seo-wordpress\/ -->\n<title>Wilssons - Alltransport<\/title>\n<meta name=\"description\" content=\"Wilssons arbetar med h\u00f6gtrycks- och avloppsspolning, t\u00f6mning, sugning, reng\u00f6ring, sanering, underh\u00e5ll med mera samt tj\u00e4nster inom relining.\" \/>\n<meta name=\"robots\" content=\"index, follow, max-snippet:-1, max-image-preview:large, max-video-preview:-1\" \/>\n<link rel=\"canonical\" href=\"https:\/\/www.alltransport.se\/en\/wilssons\/\" \/>\n<meta property=\"og:locale\" content=\"en_US\" \/>\n<meta property=\"og:type\" content=\"article\" \/>\n<meta property=\"og:title\" content=\"Wilssons - Alltransport\" \/>\n<meta property=\"og:description\" content=\"Wilssons arbetar med h\u00f6gtrycks- och avloppsspolning, t\u00f6mning, sugning, reng\u00f6ring, sanering, underh\u00e5ll med mera samt tj\u00e4nster inom relining.\" \/>\n<meta property=\"og:url\" content=\"https:\/\/www.alltransport.se\/en\/wilssons\/\" \/>\n<meta property=\"og:site_name\" content=\"Alltransport\" \/>\n<meta property=\"article:publisher\" content=\"https:\/\/www.facebook.com\/alltransport37\" \/>\n<meta property=\"article:modified_time\" content=\"2022-05-11T09:49:05+00:00\" \/>\n<meta name=\"twitter:card\" content=\"summary_large_image\" \/>\n<meta name=\"twitter:label1\" content=\"Est. reading time\" \/>\n\t<meta name=\"twitter:data1\" content=\"6 minutes\" \/>\n<script type=\"application\/ld+json\" class=\"yoast-schema-graph\">{\"@context\":\"https:\\\/\\\/schema.org\",\"@graph\":[{\"@type\":\"WebPage\",\"@id\":\"https:\\\/\\\/www.alltransport.se\\\/en\\\/wilssons\\\/\",\"url\":\"https:\\\/\\\/www.alltransport.se\\\/en\\\/wilssons\\\/\",\"name\":\"Wilssons - Alltransport\",\"isPartOf\":{\"@id\":\"https:\\\/\\\/www.alltransport.se\\\/en\\\/#website\"},\"datePublished\":\"2021-10-08T14:03:27+00:00\",\"dateModified\":\"2022-05-11T09:49:05+00:00\",\"description\":\"Wilssons arbetar med h\u00f6gtrycks- och avloppsspolning, t\u00f6mning, sugning, reng\u00f6ring, sanering, underh\u00e5ll med mera samt tj\u00e4nster inom relining.\",\"breadcrumb\":{\"@id\":\"https:\\\/\\\/www.alltransport.se\\\/en\\\/wilssons\\\/#breadcrumb\"},\"inLanguage\":\"en-US\",\"potentialAction\":[{\"@type\":\"ReadAction\",\"target\":[\"https:\\\/\\\/www.alltransport.se\\\/en\\\/wilssons\\\/\"]}]},{\"@type\":\"BreadcrumbList\",\"@id\":\"https:\\\/\\\/www.alltransport.se\\\/en\\\/wilssons\\\/#breadcrumb\",\"itemListElement\":[{\"@type\":\"ListItem\",\"position\":1,\"name\":\"Hem\",\"item\":\"https:\\\/\\\/www.alltransport.se\\\/en\\\/homepage\\\/\"},{\"@type\":\"ListItem\",\"position\":2,\"name\":\"Wilssons\"}]},{\"@type\":\"WebSite\",\"@id\":\"https:\\\/\\\/www.alltransport.se\\\/en\\\/#website\",\"url\":\"https:\\\/\\\/www.alltransport.se\\\/en\\\/\",\"name\":\"Alltransport\",\"description\":\"Vi erbjuder rikst\u00e4ckande transport- &amp; logistikl\u00f6sningar\",\"publisher\":{\"@id\":\"https:\\\/\\\/www.alltransport.se\\\/en\\\/#organization\"},\"potentialAction\":[{\"@type\":\"SearchAction\",\"target\":{\"@type\":\"EntryPoint\",\"urlTemplate\":\"https:\\\/\\\/www.alltransport.se\\\/en\\\/?s={search_term_string}\"},\"query-input\":{\"@type\":\"PropertyValueSpecification\",\"valueRequired\":true,\"valueName\":\"search_term_string\"}}],\"inLanguage\":\"en-US\"},{\"@type\":\"Organization\",\"@id\":\"https:\\\/\\\/www.alltransport.se\\\/en\\\/#organization\",\"name\":\"Alltransport\",\"url\":\"https:\\\/\\\/www.alltransport.se\\\/en\\\/\",\"logo\":{\"@type\":\"ImageObject\",\"inLanguage\":\"en-US\",\"@id\":\"https:\\\/\\\/www.alltransport.se\\\/en\\\/#\\\/schema\\\/logo\\\/image\\\/\",\"url\":\"https:\\\/\\\/www.alltransport.se\\\/wp-content\\\/uploads\\\/2019\\\/10\\\/AT_logovektor-liten.png\",\"contentUrl\":\"https:\\\/\\\/www.alltransport.se\\\/wp-content\\\/uploads\\\/2019\\\/10\\\/AT_logovektor-liten.png\",\"width\":778,\"height\":238,\"caption\":\"Alltransport\"},\"image\":{\"@id\":\"https:\\\/\\\/www.alltransport.se\\\/en\\\/#\\\/schema\\\/logo\\\/image\\\/\"},\"sameAs\":[\"https:\\\/\\\/www.facebook.com\\\/alltransport37\"]}]}<\/script>\n<!-- \/ Yoast SEO plugin. -->","yoast_head_json":{"title":"Wilssons - Alltransport","description":"Wilssons arbetar med h\u00f6gtrycks- och avloppsspolning, t\u00f6mning, sugning, reng\u00f6ring, sanering, underh\u00e5ll med mera samt tj\u00e4nster inom relining.","robots":{"index":"index","follow":"follow","max-snippet":"max-snippet:-1","max-image-preview":"max-image-preview:large","max-video-preview":"max-video-preview:-1"},"canonical":"https:\/\/www.alltransport.se\/en\/wilssons\/","og_locale":"en_US","og_type":"article","og_title":"Wilssons - Alltransport","og_description":"Wilssons arbetar med h\u00f6gtrycks- och avloppsspolning, t\u00f6mning, sugning, reng\u00f6ring, sanering, underh\u00e5ll med mera samt tj\u00e4nster inom relining.","og_url":"https:\/\/www.alltransport.se\/en\/wilssons\/","og_site_name":"Alltransport","article_publisher":"https:\/\/www.facebook.com\/alltransport37","article_modified_time":"2022-05-11T09:49:05+00:00","twitter_card":"summary_large_image","twitter_misc":{"Est. reading time":"6 minutes"},"schema":{"@context":"https:\/\/schema.org","@graph":[{"@type":"WebPage","@id":"https:\/\/www.alltransport.se\/en\/wilssons\/","url":"https:\/\/www.alltransport.se\/en\/wilssons\/","name":"Wilssons - Alltransport","isPartOf":{"@id":"https:\/\/www.alltransport.se\/en\/#website"},"datePublished":"2021-10-08T14:03:27+00:00","dateModified":"2022-05-11T09:49:05+00:00","description":"Wilssons arbetar med h\u00f6gtrycks- och avloppsspolning, t\u00f6mning, sugning, reng\u00f6ring, sanering, underh\u00e5ll med mera samt tj\u00e4nster inom relining.","breadcrumb":{"@id":"https:\/\/www.alltransport.se\/en\/wilssons\/#breadcrumb"},"inLanguage":"en-US","potentialAction":[{"@type":"ReadAction","target":["https:\/\/www.alltransport.se\/en\/wilssons\/"]}]},{"@type":"BreadcrumbList","@id":"https:\/\/www.alltransport.se\/en\/wilssons\/#breadcrumb","itemListElement":[{"@type":"ListItem","position":1,"name":"Hem","item":"https:\/\/www.alltransport.se\/en\/homepage\/"},{"@type":"ListItem","position":2,"name":"Wilssons"}]},{"@type":"WebSite","@id":"https:\/\/www.alltransport.se\/en\/#website","url":"https:\/\/www.alltransport.se\/en\/","name":"Alltransport","description":"Vi erbjuder rikst\u00e4ckande transport- &amp; logistikl\u00f6sningar","publisher":{"@id":"https:\/\/www.alltransport.se\/en\/#organization"},"potentialAction":[{"@type":"SearchAction","target":{"@type":"EntryPoint","urlTemplate":"https:\/\/www.alltransport.se\/en\/?s={search_term_string}"},"query-input":{"@type":"PropertyValueSpecification","valueRequired":true,"valueName":"search_term_string"}}],"inLanguage":"en-US"},{"@type":"Organization","@id":"https:\/\/www.alltransport.se\/en\/#organization","name":"Alltransport","url":"https:\/\/www.alltransport.se\/en\/","logo":{"@type":"ImageObject","inLanguage":"en-US","@id":"https:\/\/www.alltransport.se\/en\/#\/schema\/logo\/image\/","url":"https:\/\/www.alltransport.se\/wp-content\/uploads\/2019\/10\/AT_logovektor-liten.png","contentUrl":"https:\/\/www.alltransport.se\/wp-content\/uploads\/2019\/10\/AT_logovektor-liten.png","width":778,"height":238,"caption":"Alltransport"},"image":{"@id":"https:\/\/www.alltransport.se\/en\/#\/schema\/logo\/image\/"},"sameAs":["https:\/\/www.facebook.com\/alltransport37"]}]}},"_links":{"self":[{"href":"https:\/\/www.alltransport.se\/en\/wp-json\/wp\/v2\/pages\/1652","targetHints":{"allow":["GET"]}}],"collection":[{"href":"https:\/\/www.alltransport.se\/en\/wp-json\/wp\/v2\/pages"}],"about":[{"href":"https:\/\/www.alltransport.se\/en\/wp-json\/wp\/v2\/types\/page"}],"author":[{"embeddable":true,"href":"https:\/\/www.alltransport.se\/en\/wp-json\/wp\/v2\/users\/1"}],"replies":[{"embeddable":true,"href":"https:\/\/www.alltransport.se\/en\/wp-json\/wp\/v2\/comments?post=1652"}],"version-history":[{"count":8,"href":"https:\/\/www.alltransport.se\/en\/wp-json\/wp\/v2\/pages\/1652\/revisions"}],"predecessor-version":[{"id":2314,"href":"https:\/\/www.alltransport.se\/en\/wp-json\/wp\/v2\/pages\/1652\/revisions\/2314"}],"wp:attachment":[{"href":"https:\/\/www.alltransport.se\/en\/wp-json\/wp\/v2\/media?parent=1652"}],"curies":[{"name":"wp","href":"https:\/\/api.w.org\/{rel}","templated":true}]}}