{"id":1660,"date":"2021-10-11T10:22:51","date_gmt":"2021-10-11T08:22:51","guid":{"rendered":"https:\/\/www.alltransport.se\/construction-haulage-services\/"},"modified":"2026-02-18T14:59:16","modified_gmt":"2026-02-18T13:59:16","slug":"construction-haulage-services","status":"publish","type":"page","link":"https:\/\/www.alltransport.se\/en\/construction-haulage-services\/","title":{"rendered":"Construction haulage services"},"content":{"rendered":"<p>[et_pb_section fb_built=&#8221;1&#8243; _builder_version=&#8221;4.16&#8243; custom_padding=&#8221;40px||45px|||&#8221; global_colors_info=&#8221;{}&#8221;][et_pb_row _builder_version=&#8221;4.16&#8243; custom_padding=&#8221;0px|||||&#8221; global_colors_info=&#8221;{}&#8221;][et_pb_column type=&#8221;4_4&#8243; _builder_version=&#8221;4.16&#8243; global_colors_info=&#8221;{}&#8221;][et_pb_image src=&#8221;https:\/\/www.alltransport.se\/wp-content\/uploads\/2020\/02\/Anlaggningstransporter.jpg&#8221; alt=&#8221;tunghantering&#8221; force_fullwidth=&#8221;on&#8221; _builder_version=&#8221;4.16&#8243; custom_margin=&#8221;||20px||false|false&#8221; global_colors_info=&#8221;{}&#8221;][\/et_pb_image][et_pb_text admin_label=&#8221;Rubrik&#8221; _builder_version=&#8221;4.16&#8243; background_enable_color=&#8221;off&#8221; custom_margin=&#8221;||||false|false&#8221; custom_padding=&#8221;||10px||false|true&#8221; header_font_size_tablet=&#8221;40px&#8221; header_font_size_phone=&#8221;22px&#8221; header_font_size_last_edited=&#8221;on|phone&#8221; border_width_bottom=&#8221;3px&#8221; border_color_bottom=&#8221;#1e3556&#8243; global_colors_info=&#8221;{}&#8221;]<\/p>\n<h1>Construction haulage services<\/h1>\n<p>[\/et_pb_text][et_pb_text _builder_version=&#8221;4.16&#8243; header_2_font_size_tablet=&#8221;22px&#8221; header_2_font_size_phone=&#8221;20px&#8221; header_2_font_size_last_edited=&#8221;on|phone&#8221; global_colors_info=&#8221;{}&#8221;]<\/p>\n<h2>Construction haulage services for soil, gravel, cement and concrete<\/h2>\n<p>Do you need soil, sand, broken stone or other crushed products? The construction haulage service includes a great deal. Here we include deliveries of soil, sand, gravel, macadam, cement and concrete. With us, your construction haulage needs are supplied in one quality assured step \u2013 where you want it, when you want it. At Alltransport, you can buy whatever fraction you require.<\/p>\n<p>Alltransport delivers where and when you wish in \u00d6sterg\u00f6tland and its environs. No shipment is too large or too small for us. We will deliver by lorry the number of cubic metres of construction material that you require; or, for smaller volumes, we can deliver in big bags \u2013 which can be convenient for you as the customer.<\/p>\n<h3>Collecting construction material in your own trailer<\/h3>\n<p>Our office at Stohagsgatan in Norrk\u00f6ping also offers a loading service for materials for private individuals as well as companies bringing their own trailer for collecting the material. Currently we offer stone powder, macadam, mixed broken stone, play sand and topsoil. You can pay by card or Swish. Please feel free to phone beforehand so that we can have someone available to load you up when you arrive. Our telephone number is: +46 (0)11-19 83 08.<\/p>\n<h3>Transporting concrete<\/h3>\n<p>If you need to transport concrete, at Alltransport we have the resources and extensive experience that you require. We also transport large quantities of the dry product cement in our bulk lorries. If you are building a road or car park, Alltransport has extensive experience of project management, excavation, backfilling and transporting gravel and other backfill material. If you wish, we can quite simply build you the road that you require.<\/p>\n<h3>Asphalt delivery<\/h3>\n<p>We perform asphalt deliveries, both for laying by hand in the case of small jobs and laying by machine in the case of major road contracts. We also arrange both large and small asphalting assignments (\u2018pot holes\u2019, garage entrances, car parks, etc.).<\/p>\n<h3>ADR shipments of hazardous goods<\/h3>\n<p>We transport various kinds of liquid products for processing companies and the chemical industry between factories and end consumers throughout Sweden, using a number of vehicles. We have a good knowledge of the processing and carriage of hazardous goods. There are particularly stringent requirements on both vehicles and staff knowledge when it comes to transporting hazardous goods. Alltransport has the right resources, along with extensive experience and good knowledge, for handling this kind of consignment. Try us out!<\/p>\n<p>[\/et_pb_text][\/et_pb_column][\/et_pb_row][\/et_pb_section][et_pb_section fb_built=&#8221;1&#8243; _builder_version=&#8221;4.16&#8243; background_color=&#8221;#f4f4f4&#8243; custom_padding=&#8221;40px|||||&#8221; global_colors_info=&#8221;{}&#8221;][et_pb_row column_structure=&#8221;1_2,1_4,1_4&#8243; use_custom_gutter=&#8221;on&#8221; gutter_width=&#8221;2&#8243; _builder_version=&#8221;4.16&#8243; custom_margin=&#8221;|auto||auto|false|false&#8221; custom_padding=&#8221;40px||||false|false&#8221; global_colors_info=&#8221;{}&#8221;][et_pb_column type=&#8221;1_2&#8243; _builder_version=&#8221;4.16&#8243; global_colors_info=&#8221;{}&#8221;][et_pb_text _builder_version=&#8221;4.16&#8243; link_text_color=&#8221;#8c8c8c&#8221; global_colors_info=&#8221;{}&#8221;]<\/p>\n<h2>Feel free to contact us<\/h2>\n<p>Contact us if you have any questions about our construction services, if you need help with earth moving work, or if you simply would like to hire an excavator. Alltransport leads you to the right solution!<\/p>\n<p>&nbsp;<\/p>\n<h3>Norrk\u00f6ping: 011-19 83 40<br \/>Link\u00f6ping: 013-24 49 60<br \/>Oxel\u00f6sund: 0155-35020<\/h3>\n<h3>E-post:\u00a0<a href=\"mailto:bygg@alltransport.se\">bygg@alltransport.se<\/a><\/h3>\n<p>[\/et_pb_text][\/et_pb_column][et_pb_column type=&#8221;1_4&#8243; _builder_version=&#8221;4.16&#8243; global_colors_info=&#8221;{}&#8221;][\/et_pb_column][et_pb_column type=&#8221;1_4&#8243; _builder_version=&#8221;4.16&#8243; global_colors_info=&#8221;{}&#8221;][\/et_pb_column][\/et_pb_row][et_pb_row column_structure=&#8221;1_4,1_4,1_4,1_4&#8243; use_custom_gutter=&#8221;on&#8221; gutter_width=&#8221;2&#8243; custom_padding_last_edited=&#8221;on|phone&#8221; _builder_version=&#8221;4.16&#8243; width_tablet=&#8221;90%&#8221; width_phone=&#8221;90%&#8221; width_last_edited=&#8221;on|tablet&#8221; custom_padding_tablet=&#8221;40px|40px|40px|40px|true|true&#8221; custom_padding_phone=&#8221;&#8221; global_colors_info=&#8221;{}&#8221;][et_pb_column type=&#8221;1_4&#8243; _builder_version=&#8221;4.16&#8243; background_color=&#8221;#ffffff&#8221; global_colors_info=&#8221;{}&#8221;][et_pb_team_member name=&#8221;Mikael Roos&#8221; position=&#8221;Transport planning&#8221; image_url=&#8221;https:\/\/www.alltransport.se\/wp-content\/uploads\/2019\/11\/Mikael-Roos.jpg&#8221; _builder_version=&#8221;4.16&#8243; body_font=&#8221;|600|||||||&#8221; position_text_color=&#8221;#0069b4&#8243; body_link_text_color=&#8221;#e02b20&#8243; text_orientation=&#8221;center&#8221; custom_margin=&#8221;||||false|false&#8221; custom_padding=&#8221;15px|10px|15px|10px|true|true&#8221; box_shadow_style=&#8221;preset1&#8243; box_shadow_blur=&#8221;25px&#8221; global_colors_info=&#8221;{}&#8221; transform_styles__hover_enabled=&#8221;off|desktop&#8221; transform_scale__hover_enabled=&#8221;off|desktop&#8221; transform_translate__hover_enabled=&#8221;off|desktop&#8221; transform_rotate__hover_enabled=&#8221;off|desktop&#8221; transform_skew__hover_enabled=&#8221;off|desktop&#8221; transform_origin__hover_enabled=&#8221;off|desktop&#8221; transform_scale__hover=&#8221;105%|105%&#8221;]<\/p>\n<p>Norrk\u00f6ping<\/p>\n<p>[\/et_pb_team_member][\/et_pb_column][et_pb_column type=&#8221;1_4&#8243; _builder_version=&#8221;4.16&#8243; background_color=&#8221;#ffffff&#8221; global_colors_info=&#8221;{}&#8221;][et_pb_team_member name=&#8221;Johan Persson&#8221; position=&#8221;Transport planning&#8221; image_url=&#8221;https:\/\/www.alltransport.se\/wp-content\/uploads\/2019\/11\/Johan-Persson.jpg&#8221; _builder_version=&#8221;4.16&#8243; body_font=&#8221;|600|||||||&#8221; position_text_color=&#8221;#0069b4&#8243; body_link_text_color=&#8221;#e02b20&#8243; text_orientation=&#8221;center&#8221; custom_margin=&#8221;||||false|false&#8221; custom_padding=&#8221;15px|10px|15px|10px|true|true&#8221; box_shadow_style=&#8221;preset1&#8243; box_shadow_blur=&#8221;25px&#8221; global_colors_info=&#8221;{}&#8221; transform_styles__hover_enabled=&#8221;off|desktop&#8221; transform_scale__hover_enabled=&#8221;off|desktop&#8221; transform_translate__hover_enabled=&#8221;off|desktop&#8221; transform_rotate__hover_enabled=&#8221;off|desktop&#8221; transform_skew__hover_enabled=&#8221;off|desktop&#8221; transform_origin__hover_enabled=&#8221;off|desktop&#8221; transform_scale__hover=&#8221;105%|105%&#8221;]<\/p>\n<p>Norrk\u00f6ping<\/p>\n<p>[\/et_pb_team_member][\/et_pb_column][et_pb_column type=&#8221;1_4&#8243; _builder_version=&#8221;4.16&#8243; background_color=&#8221;#ffffff&#8221; global_colors_info=&#8221;{}&#8221;][et_pb_team_member name=&#8221;Andreas Hammarlund&#8221; position=&#8221;Construction &#038; contracting&#8221; image_url=&#8221;https:\/\/www.alltransport.se\/wp-content\/uploads\/2019\/11\/Andreas_Hammarlund.jpg&#8221; admin_label=&#8221;Andreas Hammarlund&#8221; _builder_version=&#8221;4.16&#8243; body_font=&#8221;|600|||||||&#8221; position_text_color=&#8221;#0069b4&#8243; body_link_text_color=&#8221;#e02b20&#8243; text_orientation=&#8221;center&#8221; custom_margin=&#8221;||||false|false&#8221; custom_padding=&#8221;15px|10px|15px|10px|true|true&#8221; box_shadow_style=&#8221;preset1&#8243; box_shadow_blur=&#8221;25px&#8221; global_colors_info=&#8221;{}&#8221; transform_styles__hover_enabled=&#8221;off|desktop&#8221; transform_scale__hover_enabled=&#8221;off|desktop&#8221; transform_translate__hover_enabled=&#8221;off|desktop&#8221; transform_rotate__hover_enabled=&#8221;off|desktop&#8221; transform_skew__hover_enabled=&#8221;off|desktop&#8221; transform_origin__hover_enabled=&#8221;off|desktop&#8221; transform_scale__hover=&#8221;105%|105%&#8221;]<\/p>\n<p>Link\u00f6ping<\/p>\n<p>[\/et_pb_team_member][\/et_pb_column][et_pb_column type=&#8221;1_4&#8243; _builder_version=&#8221;4.16&#8243; background_color=&#8221;#ffffff&#8221; global_colors_info=&#8221;{}&#8221;][et_pb_team_member name=&#8221;Helen Andersson&#8221; position=&#8221;Transport planning&#8221; image_url=&#8221;https:\/\/www.alltransport.se\/wp-content\/uploads\/2019\/11\/Helen-Andersson.jpg&#8221; admin_label=&#8221;Helen Andersson&#8221; _builder_version=&#8221;4.16&#8243; body_font=&#8221;|600|||||||&#8221; position_text_color=&#8221;#0069b4&#8243; body_link_text_color=&#8221;#e02b20&#8243; text_orientation=&#8221;center&#8221; custom_margin=&#8221;||||false|false&#8221; custom_padding=&#8221;15px|10px|15px|10px|true|true&#8221; box_shadow_style=&#8221;preset1&#8243; box_shadow_blur=&#8221;25px&#8221; global_colors_info=&#8221;{}&#8221; transform_styles__hover_enabled=&#8221;off|desktop&#8221; transform_scale__hover_enabled=&#8221;off|desktop&#8221; transform_translate__hover_enabled=&#8221;off|desktop&#8221; transform_rotate__hover_enabled=&#8221;off|desktop&#8221; transform_skew__hover_enabled=&#8221;off|desktop&#8221; transform_origin__hover_enabled=&#8221;off|desktop&#8221; transform_scale__hover=&#8221;105%|105%&#8221;]<\/p>\n<p>Link\u00f6ping<\/p>\n<p>[\/et_pb_team_member][\/et_pb_column][\/et_pb_row][\/et_pb_section]<\/p>\n","protected":false},"excerpt":{"rendered":"<p>Construction haulage servicesConstruction haulage services for soil, gravel, cement and concrete Do you need soil, sand, broken stone or other crushed products? The construction haulage service includes a great deal. Here we include deliveries of soil, sand, gravel, macadam, cement and concrete. With us, your construction haulage needs are supplied in one quality assured step \u2013 where you want it, when you want it. At Alltransport, you can buy whatever fraction you require. Alltransport delivers where and when you wish in \u00d6sterg\u00f6tland and its environs. No shipment is too large or too small for us. We will deliver by lorry the number of cubic metres of construction material that you require; or, for smaller volumes, we can deliver in big bags \u2013 which can be convenient for you as the customer. Collecting construction material in your own trailer Our office at Stohagsgatan in Norrk\u00f6ping also offers a loading service for materials for private individuals as well as companies bringing their own trailer for collecting the material. Currently we offer stone powder, macadam, mixed broken stone, play sand and topsoil. You can pay by card or Swish. Please feel free to phone beforehand so that we can have someone available to [&hellip;]<\/p>\n","protected":false},"author":1,"featured_media":0,"parent":0,"menu_order":0,"comment_status":"closed","ping_status":"closed","template":"","meta":{"_et_pb_use_builder":"on","_et_pb_old_content":"","_et_gb_content_width":"","footnotes":""},"class_list":["post-1660","page","type-page","status-publish","hentry"],"yoast_head":"<!-- This site is optimized with the Yoast SEO plugin v27.3 - https:\/\/yoast.com\/product\/yoast-seo-wordpress\/ -->\n<title>Construction Haulage Services in \u00d6sterg\u00f6tland - Alltransport<\/title>\n<meta name=\"description\" content=\"We provide Construction haulage services throughout \u00d6sterg\u00f6tland and delivering both bulk materials in big bags and full truckload shipments.\" \/>\n<meta name=\"robots\" content=\"index, follow, max-snippet:-1, max-image-preview:large, max-video-preview:-1\" \/>\n<link rel=\"canonical\" href=\"https:\/\/www.alltransport.se\/en\/construction-haulage-services\/\" \/>\n<meta property=\"og:locale\" content=\"en_US\" \/>\n<meta property=\"og:type\" content=\"article\" \/>\n<meta property=\"og:title\" content=\"Construction Haulage Services in \u00d6sterg\u00f6tland - Alltransport\" \/>\n<meta property=\"og:description\" content=\"We provide Construction haulage services throughout \u00d6sterg\u00f6tland and delivering both bulk materials in big bags and full truckload shipments.\" \/>\n<meta property=\"og:url\" content=\"https:\/\/www.alltransport.se\/en\/construction-haulage-services\/\" \/>\n<meta property=\"og:site_name\" content=\"Alltransport\" \/>\n<meta property=\"article:publisher\" content=\"https:\/\/www.facebook.com\/alltransport37\" \/>\n<meta property=\"article:modified_time\" content=\"2026-02-18T13:59:16+00:00\" \/>\n<meta name=\"twitter:card\" content=\"summary_large_image\" \/>\n<meta name=\"twitter:label1\" content=\"Est. reading time\" \/>\n\t<meta name=\"twitter:data1\" content=\"4 minutes\" \/>\n<script type=\"application\/ld+json\" class=\"yoast-schema-graph\">{\"@context\":\"https:\\\/\\\/schema.org\",\"@graph\":[{\"@type\":\"WebPage\",\"@id\":\"https:\\\/\\\/www.alltransport.se\\\/en\\\/construction-haulage-services\\\/\",\"url\":\"https:\\\/\\\/www.alltransport.se\\\/en\\\/construction-haulage-services\\\/\",\"name\":\"Construction Haulage Services in \u00d6sterg\u00f6tland - Alltransport\",\"isPartOf\":{\"@id\":\"https:\\\/\\\/www.alltransport.se\\\/en\\\/#website\"},\"datePublished\":\"2021-10-11T08:22:51+00:00\",\"dateModified\":\"2026-02-18T13:59:16+00:00\",\"description\":\"We provide Construction haulage services throughout \u00d6sterg\u00f6tland and delivering both bulk materials in big bags and full truckload shipments.\",\"breadcrumb\":{\"@id\":\"https:\\\/\\\/www.alltransport.se\\\/en\\\/construction-haulage-services\\\/#breadcrumb\"},\"inLanguage\":\"en-US\",\"potentialAction\":[{\"@type\":\"ReadAction\",\"target\":[\"https:\\\/\\\/www.alltransport.se\\\/en\\\/construction-haulage-services\\\/\"]}]},{\"@type\":\"BreadcrumbList\",\"@id\":\"https:\\\/\\\/www.alltransport.se\\\/en\\\/construction-haulage-services\\\/#breadcrumb\",\"itemListElement\":[{\"@type\":\"ListItem\",\"position\":1,\"name\":\"Hem\",\"item\":\"https:\\\/\\\/www.alltransport.se\\\/en\\\/homepage\\\/\"},{\"@type\":\"ListItem\",\"position\":2,\"name\":\"Construction haulage services\"}]},{\"@type\":\"WebSite\",\"@id\":\"https:\\\/\\\/www.alltransport.se\\\/en\\\/#website\",\"url\":\"https:\\\/\\\/www.alltransport.se\\\/en\\\/\",\"name\":\"Alltransport\",\"description\":\"Vi erbjuder rikst\u00e4ckande transport- &amp; logistikl\u00f6sningar\",\"publisher\":{\"@id\":\"https:\\\/\\\/www.alltransport.se\\\/en\\\/#organization\"},\"potentialAction\":[{\"@type\":\"SearchAction\",\"target\":{\"@type\":\"EntryPoint\",\"urlTemplate\":\"https:\\\/\\\/www.alltransport.se\\\/en\\\/?s={search_term_string}\"},\"query-input\":{\"@type\":\"PropertyValueSpecification\",\"valueRequired\":true,\"valueName\":\"search_term_string\"}}],\"inLanguage\":\"en-US\"},{\"@type\":\"Organization\",\"@id\":\"https:\\\/\\\/www.alltransport.se\\\/en\\\/#organization\",\"name\":\"Alltransport\",\"url\":\"https:\\\/\\\/www.alltransport.se\\\/en\\\/\",\"logo\":{\"@type\":\"ImageObject\",\"inLanguage\":\"en-US\",\"@id\":\"https:\\\/\\\/www.alltransport.se\\\/en\\\/#\\\/schema\\\/logo\\\/image\\\/\",\"url\":\"https:\\\/\\\/www.alltransport.se\\\/wp-content\\\/uploads\\\/2019\\\/10\\\/AT_logovektor-liten.png\",\"contentUrl\":\"https:\\\/\\\/www.alltransport.se\\\/wp-content\\\/uploads\\\/2019\\\/10\\\/AT_logovektor-liten.png\",\"width\":778,\"height\":238,\"caption\":\"Alltransport\"},\"image\":{\"@id\":\"https:\\\/\\\/www.alltransport.se\\\/en\\\/#\\\/schema\\\/logo\\\/image\\\/\"},\"sameAs\":[\"https:\\\/\\\/www.facebook.com\\\/alltransport37\"]}]}<\/script>\n<!-- \/ Yoast SEO plugin. -->","yoast_head_json":{"title":"Construction Haulage Services in \u00d6sterg\u00f6tland - Alltransport","description":"We provide Construction haulage services throughout \u00d6sterg\u00f6tland and delivering both bulk materials in big bags and full truckload shipments.","robots":{"index":"index","follow":"follow","max-snippet":"max-snippet:-1","max-image-preview":"max-image-preview:large","max-video-preview":"max-video-preview:-1"},"canonical":"https:\/\/www.alltransport.se\/en\/construction-haulage-services\/","og_locale":"en_US","og_type":"article","og_title":"Construction Haulage Services in \u00d6sterg\u00f6tland - Alltransport","og_description":"We provide Construction haulage services throughout \u00d6sterg\u00f6tland and delivering both bulk materials in big bags and full truckload shipments.","og_url":"https:\/\/www.alltransport.se\/en\/construction-haulage-services\/","og_site_name":"Alltransport","article_publisher":"https:\/\/www.facebook.com\/alltransport37","article_modified_time":"2026-02-18T13:59:16+00:00","twitter_card":"summary_large_image","twitter_misc":{"Est. reading time":"4 minutes"},"schema":{"@context":"https:\/\/schema.org","@graph":[{"@type":"WebPage","@id":"https:\/\/www.alltransport.se\/en\/construction-haulage-services\/","url":"https:\/\/www.alltransport.se\/en\/construction-haulage-services\/","name":"Construction Haulage Services in \u00d6sterg\u00f6tland - Alltransport","isPartOf":{"@id":"https:\/\/www.alltransport.se\/en\/#website"},"datePublished":"2021-10-11T08:22:51+00:00","dateModified":"2026-02-18T13:59:16+00:00","description":"We provide Construction haulage services throughout \u00d6sterg\u00f6tland and delivering both bulk materials in big bags and full truckload shipments.","breadcrumb":{"@id":"https:\/\/www.alltransport.se\/en\/construction-haulage-services\/#breadcrumb"},"inLanguage":"en-US","potentialAction":[{"@type":"ReadAction","target":["https:\/\/www.alltransport.se\/en\/construction-haulage-services\/"]}]},{"@type":"BreadcrumbList","@id":"https:\/\/www.alltransport.se\/en\/construction-haulage-services\/#breadcrumb","itemListElement":[{"@type":"ListItem","position":1,"name":"Hem","item":"https:\/\/www.alltransport.se\/en\/homepage\/"},{"@type":"ListItem","position":2,"name":"Construction haulage services"}]},{"@type":"WebSite","@id":"https:\/\/www.alltransport.se\/en\/#website","url":"https:\/\/www.alltransport.se\/en\/","name":"Alltransport","description":"Vi erbjuder rikst\u00e4ckande transport- &amp; logistikl\u00f6sningar","publisher":{"@id":"https:\/\/www.alltransport.se\/en\/#organization"},"potentialAction":[{"@type":"SearchAction","target":{"@type":"EntryPoint","urlTemplate":"https:\/\/www.alltransport.se\/en\/?s={search_term_string}"},"query-input":{"@type":"PropertyValueSpecification","valueRequired":true,"valueName":"search_term_string"}}],"inLanguage":"en-US"},{"@type":"Organization","@id":"https:\/\/www.alltransport.se\/en\/#organization","name":"Alltransport","url":"https:\/\/www.alltransport.se\/en\/","logo":{"@type":"ImageObject","inLanguage":"en-US","@id":"https:\/\/www.alltransport.se\/en\/#\/schema\/logo\/image\/","url":"https:\/\/www.alltransport.se\/wp-content\/uploads\/2019\/10\/AT_logovektor-liten.png","contentUrl":"https:\/\/www.alltransport.se\/wp-content\/uploads\/2019\/10\/AT_logovektor-liten.png","width":778,"height":238,"caption":"Alltransport"},"image":{"@id":"https:\/\/www.alltransport.se\/en\/#\/schema\/logo\/image\/"},"sameAs":["https:\/\/www.facebook.com\/alltransport37"]}]}},"_links":{"self":[{"href":"https:\/\/www.alltransport.se\/en\/wp-json\/wp\/v2\/pages\/1660","targetHints":{"allow":["GET"]}}],"collection":[{"href":"https:\/\/www.alltransport.se\/en\/wp-json\/wp\/v2\/pages"}],"about":[{"href":"https:\/\/www.alltransport.se\/en\/wp-json\/wp\/v2\/types\/page"}],"author":[{"embeddable":true,"href":"https:\/\/www.alltransport.se\/en\/wp-json\/wp\/v2\/users\/1"}],"replies":[{"embeddable":true,"href":"https:\/\/www.alltransport.se\/en\/wp-json\/wp\/v2\/comments?post=1660"}],"version-history":[{"count":6,"href":"https:\/\/www.alltransport.se\/en\/wp-json\/wp\/v2\/pages\/1660\/revisions"}],"predecessor-version":[{"id":3885,"href":"https:\/\/www.alltransport.se\/en\/wp-json\/wp\/v2\/pages\/1660\/revisions\/3885"}],"wp:attachment":[{"href":"https:\/\/www.alltransport.se\/en\/wp-json\/wp\/v2\/media?parent=1660"}],"curies":[{"name":"wp","href":"https:\/\/api.w.org\/{rel}","templated":true}]}}