{"id":1673,"date":"2021-10-11T10:33:17","date_gmt":"2021-10-11T08:33:17","guid":{"rendered":"https:\/\/www.alltransport.se\/contracts\/"},"modified":"2021-10-29T11:15:06","modified_gmt":"2021-10-29T09:15:06","slug":"contracts","status":"publish","type":"page","link":"https:\/\/www.alltransport.se\/en\/contracts\/","title":{"rendered":"Contracts"},"content":{"rendered":"<p>[et_pb_section fb_built=&#8221;1&#8243; _builder_version=&#8221;4.0.5&#8243; custom_padding=&#8221;40px||50px|||&#8221; global_colors_info=&#8221;{}&#8221;][et_pb_row _builder_version=&#8221;4.0.5&#8243; custom_padding=&#8221;0px|||||&#8221; global_colors_info=&#8221;{}&#8221;][et_pb_column type=&#8221;4_4&#8243; _builder_version=&#8221;4.0.5&#8243; global_colors_info=&#8221;{}&#8221;][et_pb_image src=&#8221;https:\/\/www.alltransport.se\/wp-content\/uploads\/2020\/03\/Entreprenad-01.jpg&#8221; alt=&#8221;tunghantering&#8221; force_fullwidth=&#8221;on&#8221; _builder_version=&#8221;4.4.1&#8243; custom_margin=&#8221;||20px||false|false&#8221; global_colors_info=&#8221;{}&#8221;][\/et_pb_image][et_pb_text admin_label=&#8221;Rubrik&#8221; _builder_version=&#8221;4.0.7&#8243; header_2_font_size=&#8221;20px&#8221; background_enable_color=&#8221;off&#8221; custom_margin=&#8221;||||false|false&#8221; custom_padding=&#8221;||10px||false|true&#8221; header_font_size_tablet=&#8221;40px&#8221; header_font_size_phone=&#8221;22px&#8221; header_font_size_last_edited=&#8221;on|phone&#8221; header_2_text_color_tablet=&#8221;&#8221; header_2_text_color_phone=&#8221;&#8221; header_2_text_color_last_edited=&#8221;on|phone&#8221; border_width_bottom=&#8221;3px&#8221; border_color_bottom=&#8221;#1e3556&#8243; global_colors_info=&#8221;{}&#8221;]<\/p>\n<h1>Contracts<\/h1>\n<p>[\/et_pb_text][et_pb_text _builder_version=&#8221;4.10.2&#8243; hover_enabled=&#8221;0&#8243; header_2_font_size_tablet=&#8221;22px&#8221; header_2_font_size_phone=&#8221;20px&#8221; header_2_font_size_last_edited=&#8221;on|phone&#8221; header_3_font_size_tablet=&#8221;18px&#8221; header_3_font_size_phone=&#8221;15px&#8221; header_3_font_size_last_edited=&#8221;on|phone&#8221; global_colors_info=&#8221;{}&#8221; sticky_enabled=&#8221;0&#8243;]<\/p>\n<h2>Are you looking for a partner or subcontractor for excavation and demolition contracts?<\/h2>\n<p>Alltransport can create sustainable total solutions for all types of contract. Along with other contractors, we help to create the best solution for you! We have great expertise and extensive experience, including when it comes to slightly more unusual services. We have a large range of mechanical equipment, with compact, light and powerful excavators that can work everywhere \u2013 even in tight spaces \u2013 along with large excavators for road construction etc.<\/p>\n<p>We can deal with both broad and narrow assignments all over the country, for example contracts that require tracked excavators or loaders, equipped with load exchangers and other equipment.<\/p>\n<h3>Hire us as a subcontractor for your contracts<\/h3>\n<p>Alltransport is a major subcontractor to our customers in building and construction, waste management and recycling, all of which place great demands on machinery and vehicles. Our goal is to renew and rejuvenate our fleet continually, and as a customer we offer you a modern fleet of skilled, well-trained and committed drivers and operators. Through Alltransport, you will gain access to knowledgeable staff who can both perform earth moving work for individual drainage installations and the operation and maintenance of water, sewerage and district heating networks.<\/p>\n<h3>Help with machine work, excavation, etc.<\/h3>\n<p>Do you need help digging drainage ditches, dust binding on roads, reinforcing roads, clearing sand using sweepers, excavation or other earth moving work? With the right vehicle and extensive experience, we can meet your needs.<\/p>\n<p>We also operate and maintain road networks for municipalities and road associations. In addition, we perform winter road maintenance in \u00d6sterg\u00f6tland. We also have enough capacity to look after your road. Large or small, it makes no difference. We plough, salt and sand the roads where you need it<\/p>\n<p>[\/et_pb_text][\/et_pb_column][\/et_pb_row][\/et_pb_section][et_pb_section fb_built=&#8221;1&#8243; _builder_version=&#8221;4.3.2&#8243; background_color=&#8221;#f4f4f4&#8243; custom_padding=&#8221;40px||55px|||&#8221; global_colors_info=&#8221;{}&#8221;][et_pb_row column_structure=&#8221;1_2,1_4,1_4&#8243; use_custom_gutter=&#8221;on&#8221; gutter_width=&#8221;2&#8243; _builder_version=&#8221;4.1&#8243; custom_margin=&#8221;|auto||auto|false|false&#8221; custom_padding=&#8221;40px||||false|false&#8221; global_colors_info=&#8221;{}&#8221;][et_pb_column type=&#8221;1_2&#8243; _builder_version=&#8221;4.1&#8243; global_colors_info=&#8221;{}&#8221;][et_pb_text _builder_version=&#8221;4.4.0&#8243; link_text_color=&#8221;#8c8c8c&#8221; global_colors_info=&#8221;{}&#8221;]<\/p>\n<h2>Feel free to contact us<\/h2>\n<p>Contact us if you have any questions about our construction services, if you need help with earth moving work, or if you simply would like to hire an excavator. Alltransport leads you to the right solution!<\/p>\n<p>&nbsp;<\/p>\n<h3>Norrk\u00f6ping: 011-19 83 40<br \/>Link\u00f6ping: 013-24 49 60<br \/>Oxel\u00f6sund: 0155-350 20<\/h3>\n<h3>E-post:\u00a0<a href=\"mailto:bygg@alltransport.se\">bygg@alltransport.se<\/a><\/h3>\n<p>[\/et_pb_text][\/et_pb_column][et_pb_column type=&#8221;1_4&#8243; _builder_version=&#8221;4.1&#8243; global_colors_info=&#8221;{}&#8221;][\/et_pb_column][et_pb_column type=&#8221;1_4&#8243; _builder_version=&#8221;4.1&#8243; global_colors_info=&#8221;{}&#8221;][\/et_pb_column][\/et_pb_row][et_pb_row column_structure=&#8221;1_4,1_4,1_4,1_4&#8243; use_custom_gutter=&#8221;on&#8221; gutter_width=&#8221;2&#8243; custom_padding_last_edited=&#8221;on|tablet&#8221; _builder_version=&#8221;4.4.1&#8243; width_tablet=&#8221;90%&#8221; width_phone=&#8221;&#8221; width_last_edited=&#8221;on|phone&#8221; custom_padding_tablet=&#8221;40px|40px|40px|40px|true|true&#8221; custom_padding_phone=&#8221;&#8221; global_colors_info=&#8221;{}&#8221;][et_pb_column type=&#8221;1_4&#8243; _builder_version=&#8221;4.3.2&#8243; background_color=&#8221;#ffffff&#8221; global_colors_info=&#8221;{}&#8221;][et_pb_team_member name=&#8221;Mikael Roos&#8221; position=&#8221;Transport planning&#8221; image_url=&#8221;https:\/\/www.alltransport.se\/wp-content\/uploads\/2019\/11\/Mikael-Roos.jpg&#8221; _builder_version=&#8221;4.4.0&#8243; body_font=&#8221;|600|||||||&#8221; position_text_color=&#8221;#0069b4&#8243; body_link_text_color=&#8221;#e02b20&#8243; text_orientation=&#8221;center&#8221; custom_margin=&#8221;||||false|false&#8221; custom_padding=&#8221;15px|10px|15px|10px|true|true&#8221; box_shadow_style=&#8221;preset1&#8243; box_shadow_blur=&#8221;25px&#8221; global_colors_info=&#8221;{}&#8221; transform_styles__hover_enabled=&#8221;off|desktop&#8221; transform_scale__hover_enabled=&#8221;off|desktop&#8221; transform_translate__hover_enabled=&#8221;off|desktop&#8221; transform_rotate__hover_enabled=&#8221;off|desktop&#8221; transform_skew__hover_enabled=&#8221;off|desktop&#8221; transform_origin__hover_enabled=&#8221;off|desktop&#8221; transform_scale__hover=&#8221;105%|105%&#8221;]<\/p>\n<p>Norrk\u00f6ping<\/p>\n<p>[\/et_pb_team_member][\/et_pb_column][et_pb_column type=&#8221;1_4&#8243; _builder_version=&#8221;4.3.2&#8243; background_color=&#8221;#ffffff&#8221; global_colors_info=&#8221;{}&#8221;][et_pb_team_member name=&#8221;Johan Persson&#8221; position=&#8221;Transport planning&#8221; image_url=&#8221;https:\/\/www.alltransport.se\/wp-content\/uploads\/2019\/11\/Johan-Persson.jpg&#8221; _builder_version=&#8221;4.4.0&#8243; body_font=&#8221;|600|||||||&#8221; position_text_color=&#8221;#0069b4&#8243; body_link_text_color=&#8221;#e02b20&#8243; text_orientation=&#8221;center&#8221; custom_margin=&#8221;||||false|false&#8221; custom_padding=&#8221;15px|10px|15px|10px|true|true&#8221; box_shadow_style=&#8221;preset1&#8243; box_shadow_blur=&#8221;25px&#8221; global_colors_info=&#8221;{}&#8221; transform_styles__hover_enabled=&#8221;off|desktop&#8221; transform_scale__hover_enabled=&#8221;off|desktop&#8221; transform_translate__hover_enabled=&#8221;off|desktop&#8221; transform_rotate__hover_enabled=&#8221;off|desktop&#8221; transform_skew__hover_enabled=&#8221;off|desktop&#8221; transform_origin__hover_enabled=&#8221;off|desktop&#8221; transform_scale__hover=&#8221;105%|105%&#8221;]<\/p>\n<p>Norrk\u00f6ping<\/p>\n<p>[\/et_pb_team_member][\/et_pb_column][et_pb_column type=&#8221;1_4&#8243; _builder_version=&#8221;4.3.2&#8243; background_color=&#8221;#ffffff&#8221; global_colors_info=&#8221;{}&#8221;][et_pb_team_member name=&#8221;Andreas Hammarlund&#8221; position=&#8221;Construction &amp; contracting&#8221; image_url=&#8221;https:\/\/www.alltransport.se\/wp-content\/uploads\/2019\/11\/Andreas_Hammarlund.jpg&#8221; admin_label=&#8221;Andreas Hammarlund&#8221; _builder_version=&#8221;4.4.0&#8243; body_font=&#8221;|600|||||||&#8221; position_text_color=&#8221;#0069b4&#8243; body_link_text_color=&#8221;#e02b20&#8243; text_orientation=&#8221;center&#8221; custom_margin=&#8221;||||false|false&#8221; custom_padding=&#8221;15px|10px|15px|10px|true|true&#8221; box_shadow_style=&#8221;preset1&#8243; box_shadow_blur=&#8221;25px&#8221; global_colors_info=&#8221;{}&#8221; transform_styles__hover_enabled=&#8221;off|desktop&#8221; transform_scale__hover_enabled=&#8221;off|desktop&#8221; transform_translate__hover_enabled=&#8221;off|desktop&#8221; transform_rotate__hover_enabled=&#8221;off|desktop&#8221; transform_skew__hover_enabled=&#8221;off|desktop&#8221; transform_origin__hover_enabled=&#8221;off|desktop&#8221; transform_scale__hover=&#8221;105%|105%&#8221;]<\/p>\n<p>Link\u00f6ping<\/p>\n<p>[\/et_pb_team_member][\/et_pb_column][et_pb_column type=&#8221;1_4&#8243; _builder_version=&#8221;4.3.2&#8243; background_color=&#8221;#ffffff&#8221; global_colors_info=&#8221;{}&#8221;][et_pb_team_member name=&#8221;Helen Andersson&#8221; position=&#8221;Transport planning&#8221; image_url=&#8221;https:\/\/www.alltransport.se\/wp-content\/uploads\/2019\/11\/Helen-Andersson.jpg&#8221; admin_label=&#8221;Helen Andersson&#8221; _builder_version=&#8221;4.4.0&#8243; body_font=&#8221;|600|||||||&#8221; position_text_color=&#8221;#0069b4&#8243; body_link_text_color=&#8221;#e02b20&#8243; text_orientation=&#8221;center&#8221; custom_margin=&#8221;||||false|false&#8221; custom_padding=&#8221;15px|10px|15px|10px|true|true&#8221; box_shadow_style=&#8221;preset1&#8243; box_shadow_blur=&#8221;25px&#8221; global_colors_info=&#8221;{}&#8221; transform_styles__hover_enabled=&#8221;off|desktop&#8221; transform_scale__hover_enabled=&#8221;off|desktop&#8221; transform_translate__hover_enabled=&#8221;off|desktop&#8221; transform_rotate__hover_enabled=&#8221;off|desktop&#8221; transform_skew__hover_enabled=&#8221;off|desktop&#8221; transform_origin__hover_enabled=&#8221;off|desktop&#8221; transform_scale__hover=&#8221;105%|105%&#8221;]<\/p>\n<p>Link\u00f6ping<\/p>\n<p>[\/et_pb_team_member][\/et_pb_column][\/et_pb_row][\/et_pb_section]<\/p>\n","protected":false},"excerpt":{"rendered":"<p>ContractsAre you looking for a partner or subcontractor for excavation and demolition contracts? Alltransport can create sustainable total solutions for all types of contract. Along with other contractors, we help to create the best solution for you! We have great expertise and extensive experience, including when it comes to slightly more unusual services. We have a large range of mechanical equipment, with compact, light and powerful excavators that can work everywhere \u2013 even in tight spaces \u2013 along with large excavators for road construction etc. We can deal with both broad and narrow assignments all over the country, for example contracts that require tracked excavators or loaders, equipped with load exchangers and other equipment. Hire us as a subcontractor for your contracts Alltransport is a major subcontractor to our customers in building and construction, waste management and recycling, all of which place great demands on machinery and vehicles. Our goal is to renew and rejuvenate our fleet continually, and as a customer we offer you a modern fleet of skilled, well-trained and committed drivers and operators. Through Alltransport, you will gain access to knowledgeable staff who can both perform earth moving work for individual drainage installations and the operation and [&hellip;]<\/p>\n","protected":false},"author":1,"featured_media":0,"parent":0,"menu_order":0,"comment_status":"closed","ping_status":"closed","template":"","meta":{"_et_pb_use_builder":"on","_et_pb_old_content":"","_et_gb_content_width":"","footnotes":""},"class_list":["post-1673","page","type-page","status-publish","hentry"],"yoast_head":"<!-- This site is optimized with the Yoast SEO plugin v27.3 - https:\/\/yoast.com\/product\/yoast-seo-wordpress\/ -->\n<title>Entreprenad - Hyr gr\u00e4vmaskin &amp; andra maskiner - Alltransport<\/title>\n<meta name=\"description\" content=\"Markentreprenad - hyr gr\u00e4vmaskin, lastmaskin, lastv\u00e4xlare. Vi har del och helhetsl\u00f6sningar f\u00f6r entreprenadarbeten. Kontakta Alltransport.\" \/>\n<meta name=\"robots\" content=\"index, follow, max-snippet:-1, max-image-preview:large, max-video-preview:-1\" \/>\n<link rel=\"canonical\" href=\"https:\/\/www.alltransport.se\/en\/contracts\/\" \/>\n<meta property=\"og:locale\" content=\"en_US\" \/>\n<meta property=\"og:type\" content=\"article\" \/>\n<meta property=\"og:title\" content=\"Entreprenad - Hyr gr\u00e4vmaskin &amp; andra maskiner - Alltransport\" \/>\n<meta property=\"og:description\" content=\"Markentreprenad - hyr gr\u00e4vmaskin, lastmaskin, lastv\u00e4xlare. Vi har del och helhetsl\u00f6sningar f\u00f6r entreprenadarbeten. Kontakta Alltransport.\" \/>\n<meta property=\"og:url\" content=\"https:\/\/www.alltransport.se\/en\/contracts\/\" \/>\n<meta property=\"og:site_name\" content=\"Alltransport\" \/>\n<meta property=\"article:publisher\" content=\"https:\/\/www.facebook.com\/alltransport37\" \/>\n<meta property=\"article:modified_time\" content=\"2021-10-29T09:15:06+00:00\" \/>\n<meta name=\"twitter:card\" content=\"summary_large_image\" \/>\n<meta name=\"twitter:label1\" content=\"Est. reading time\" \/>\n\t<meta name=\"twitter:data1\" content=\"6 minutes\" \/>\n<script type=\"application\/ld+json\" class=\"yoast-schema-graph\">{\"@context\":\"https:\\\/\\\/schema.org\",\"@graph\":[{\"@type\":\"WebPage\",\"@id\":\"https:\\\/\\\/www.alltransport.se\\\/en\\\/contracts\\\/\",\"url\":\"https:\\\/\\\/www.alltransport.se\\\/en\\\/contracts\\\/\",\"name\":\"Entreprenad - Hyr gr\u00e4vmaskin & andra maskiner - Alltransport\",\"isPartOf\":{\"@id\":\"https:\\\/\\\/www.alltransport.se\\\/en\\\/#website\"},\"datePublished\":\"2021-10-11T08:33:17+00:00\",\"dateModified\":\"2021-10-29T09:15:06+00:00\",\"description\":\"Markentreprenad - hyr gr\u00e4vmaskin, lastmaskin, lastv\u00e4xlare. Vi har del och helhetsl\u00f6sningar f\u00f6r entreprenadarbeten. Kontakta Alltransport.\",\"breadcrumb\":{\"@id\":\"https:\\\/\\\/www.alltransport.se\\\/en\\\/contracts\\\/#breadcrumb\"},\"inLanguage\":\"en-US\",\"potentialAction\":[{\"@type\":\"ReadAction\",\"target\":[\"https:\\\/\\\/www.alltransport.se\\\/en\\\/contracts\\\/\"]}]},{\"@type\":\"BreadcrumbList\",\"@id\":\"https:\\\/\\\/www.alltransport.se\\\/en\\\/contracts\\\/#breadcrumb\",\"itemListElement\":[{\"@type\":\"ListItem\",\"position\":1,\"name\":\"Hem\",\"item\":\"https:\\\/\\\/www.alltransport.se\\\/en\\\/homepage\\\/\"},{\"@type\":\"ListItem\",\"position\":2,\"name\":\"Contracts\"}]},{\"@type\":\"WebSite\",\"@id\":\"https:\\\/\\\/www.alltransport.se\\\/en\\\/#website\",\"url\":\"https:\\\/\\\/www.alltransport.se\\\/en\\\/\",\"name\":\"Alltransport\",\"description\":\"Vi erbjuder rikst\u00e4ckande transport- &amp; logistikl\u00f6sningar\",\"publisher\":{\"@id\":\"https:\\\/\\\/www.alltransport.se\\\/en\\\/#organization\"},\"potentialAction\":[{\"@type\":\"SearchAction\",\"target\":{\"@type\":\"EntryPoint\",\"urlTemplate\":\"https:\\\/\\\/www.alltransport.se\\\/en\\\/?s={search_term_string}\"},\"query-input\":{\"@type\":\"PropertyValueSpecification\",\"valueRequired\":true,\"valueName\":\"search_term_string\"}}],\"inLanguage\":\"en-US\"},{\"@type\":\"Organization\",\"@id\":\"https:\\\/\\\/www.alltransport.se\\\/en\\\/#organization\",\"name\":\"Alltransport\",\"url\":\"https:\\\/\\\/www.alltransport.se\\\/en\\\/\",\"logo\":{\"@type\":\"ImageObject\",\"inLanguage\":\"en-US\",\"@id\":\"https:\\\/\\\/www.alltransport.se\\\/en\\\/#\\\/schema\\\/logo\\\/image\\\/\",\"url\":\"https:\\\/\\\/www.alltransport.se\\\/wp-content\\\/uploads\\\/2019\\\/10\\\/AT_logovektor-liten.png\",\"contentUrl\":\"https:\\\/\\\/www.alltransport.se\\\/wp-content\\\/uploads\\\/2019\\\/10\\\/AT_logovektor-liten.png\",\"width\":778,\"height\":238,\"caption\":\"Alltransport\"},\"image\":{\"@id\":\"https:\\\/\\\/www.alltransport.se\\\/en\\\/#\\\/schema\\\/logo\\\/image\\\/\"},\"sameAs\":[\"https:\\\/\\\/www.facebook.com\\\/alltransport37\"]}]}<\/script>\n<!-- \/ Yoast SEO plugin. -->","yoast_head_json":{"title":"Entreprenad - Hyr gr\u00e4vmaskin & andra maskiner - Alltransport","description":"Markentreprenad - hyr gr\u00e4vmaskin, lastmaskin, lastv\u00e4xlare. Vi har del och helhetsl\u00f6sningar f\u00f6r entreprenadarbeten. Kontakta Alltransport.","robots":{"index":"index","follow":"follow","max-snippet":"max-snippet:-1","max-image-preview":"max-image-preview:large","max-video-preview":"max-video-preview:-1"},"canonical":"https:\/\/www.alltransport.se\/en\/contracts\/","og_locale":"en_US","og_type":"article","og_title":"Entreprenad - Hyr gr\u00e4vmaskin & andra maskiner - Alltransport","og_description":"Markentreprenad - hyr gr\u00e4vmaskin, lastmaskin, lastv\u00e4xlare. Vi har del och helhetsl\u00f6sningar f\u00f6r entreprenadarbeten. Kontakta Alltransport.","og_url":"https:\/\/www.alltransport.se\/en\/contracts\/","og_site_name":"Alltransport","article_publisher":"https:\/\/www.facebook.com\/alltransport37","article_modified_time":"2021-10-29T09:15:06+00:00","twitter_card":"summary_large_image","twitter_misc":{"Est. reading time":"6 minutes"},"schema":{"@context":"https:\/\/schema.org","@graph":[{"@type":"WebPage","@id":"https:\/\/www.alltransport.se\/en\/contracts\/","url":"https:\/\/www.alltransport.se\/en\/contracts\/","name":"Entreprenad - Hyr gr\u00e4vmaskin & andra maskiner - Alltransport","isPartOf":{"@id":"https:\/\/www.alltransport.se\/en\/#website"},"datePublished":"2021-10-11T08:33:17+00:00","dateModified":"2021-10-29T09:15:06+00:00","description":"Markentreprenad - hyr gr\u00e4vmaskin, lastmaskin, lastv\u00e4xlare. Vi har del och helhetsl\u00f6sningar f\u00f6r entreprenadarbeten. Kontakta Alltransport.","breadcrumb":{"@id":"https:\/\/www.alltransport.se\/en\/contracts\/#breadcrumb"},"inLanguage":"en-US","potentialAction":[{"@type":"ReadAction","target":["https:\/\/www.alltransport.se\/en\/contracts\/"]}]},{"@type":"BreadcrumbList","@id":"https:\/\/www.alltransport.se\/en\/contracts\/#breadcrumb","itemListElement":[{"@type":"ListItem","position":1,"name":"Hem","item":"https:\/\/www.alltransport.se\/en\/homepage\/"},{"@type":"ListItem","position":2,"name":"Contracts"}]},{"@type":"WebSite","@id":"https:\/\/www.alltransport.se\/en\/#website","url":"https:\/\/www.alltransport.se\/en\/","name":"Alltransport","description":"Vi erbjuder rikst\u00e4ckande transport- &amp; logistikl\u00f6sningar","publisher":{"@id":"https:\/\/www.alltransport.se\/en\/#organization"},"potentialAction":[{"@type":"SearchAction","target":{"@type":"EntryPoint","urlTemplate":"https:\/\/www.alltransport.se\/en\/?s={search_term_string}"},"query-input":{"@type":"PropertyValueSpecification","valueRequired":true,"valueName":"search_term_string"}}],"inLanguage":"en-US"},{"@type":"Organization","@id":"https:\/\/www.alltransport.se\/en\/#organization","name":"Alltransport","url":"https:\/\/www.alltransport.se\/en\/","logo":{"@type":"ImageObject","inLanguage":"en-US","@id":"https:\/\/www.alltransport.se\/en\/#\/schema\/logo\/image\/","url":"https:\/\/www.alltransport.se\/wp-content\/uploads\/2019\/10\/AT_logovektor-liten.png","contentUrl":"https:\/\/www.alltransport.se\/wp-content\/uploads\/2019\/10\/AT_logovektor-liten.png","width":778,"height":238,"caption":"Alltransport"},"image":{"@id":"https:\/\/www.alltransport.se\/en\/#\/schema\/logo\/image\/"},"sameAs":["https:\/\/www.facebook.com\/alltransport37"]}]}},"_links":{"self":[{"href":"https:\/\/www.alltransport.se\/en\/wp-json\/wp\/v2\/pages\/1673","targetHints":{"allow":["GET"]}}],"collection":[{"href":"https:\/\/www.alltransport.se\/en\/wp-json\/wp\/v2\/pages"}],"about":[{"href":"https:\/\/www.alltransport.se\/en\/wp-json\/wp\/v2\/types\/page"}],"author":[{"embeddable":true,"href":"https:\/\/www.alltransport.se\/en\/wp-json\/wp\/v2\/users\/1"}],"replies":[{"embeddable":true,"href":"https:\/\/www.alltransport.se\/en\/wp-json\/wp\/v2\/comments?post=1673"}],"version-history":[{"count":6,"href":"https:\/\/www.alltransport.se\/en\/wp-json\/wp\/v2\/pages\/1673\/revisions"}],"predecessor-version":[{"id":1990,"href":"https:\/\/www.alltransport.se\/en\/wp-json\/wp\/v2\/pages\/1673\/revisions\/1990"}],"wp:attachment":[{"href":"https:\/\/www.alltransport.se\/en\/wp-json\/wp\/v2\/media?parent=1673"}],"curies":[{"name":"wp","href":"https:\/\/api.w.org\/{rel}","templated":true}]}}