{"id":1683,"date":"2021-10-11T10:44:13","date_gmt":"2021-10-11T08:44:13","guid":{"rendered":"https:\/\/www.alltransport.se\/shipments-by-crane-trailer\/"},"modified":"2021-10-11T10:44:14","modified_gmt":"2021-10-11T08:44:14","slug":"shipments-by-crane-trailer","status":"publish","type":"page","link":"https:\/\/www.alltransport.se\/en\/shipments-by-crane-trailer\/","title":{"rendered":"Shipments by crane &#038; trailer"},"content":{"rendered":"<p>[et_pb_section fb_built=&#8221;1&#8243; _builder_version=&#8221;4.0.5&#8243; custom_padding=&#8221;40px|||||&#8221;][et_pb_row _builder_version=&#8221;4.0.5&#8243; custom_padding=&#8221;0px|||||&#8221;][et_pb_column type=&#8221;4_4&#8243; _builder_version=&#8221;4.0.5&#8243;][et_pb_image src=&#8221;https:\/\/www.alltransport.se\/wp-content\/uploads\/2020\/03\/kranbil.jpg&#8221; alt=&#8221;tunghantering&#8221; force_fullwidth=&#8221;on&#8221; _builder_version=&#8221;4.4.0&#8243; custom_margin=&#8221;||20px||false|false&#8221;][\/et_pb_image][et_pb_text admin_label=&#8221;Rubrik&#8221; _builder_version=&#8221;4.0.7&#8243; background_enable_color=&#8221;off&#8221; custom_margin=&#8221;||||false|false&#8221; custom_padding=&#8221;||10px||false|true&#8221; header_font_size_tablet=&#8221;40px&#8221; header_font_size_phone=&#8221;22px&#8221; header_font_size_last_edited=&#8221;on|phone&#8221; border_width_bottom=&#8221;3px&#8221; border_color_bottom=&#8221;#1e3556&#8243;]<\/p>\n<h1>Shipments by crane &amp; trailer<\/h1>\n<p>[\/et_pb_text][et_pb_text _builder_version=&#8221;4.3.1&#8243; header_2_font_size_tablet=&#8221;22px&#8221; header_2_font_size_phone=&#8221;20px&#8221; header_2_font_size_last_edited=&#8221;on|phone&#8221;]<\/p>\n<h2>Transporting building materials, machinery or large volumes by crane or trailer<\/h2>\n<p>Easily distribute building materials, machinery, boats and other large volumes. As a layperson, you may not wish to perform heavy, difficult lifting yourself, so get help from knowledgeable staff with access to the right equipment. Do you need to transport sheds or machinery? We can solve it, with the right crane lorry or trailer and equipment for every occasion. We will apply for clearance for wide, long and heavy consignments ourselves.<\/p>\n<p>Alltransport arranges tailored haulage solutions by crane or trailer, depending on what you need help with. If you prefer a total solution, we can coordinate the transport, dismantling and assembly by crane lorry. Through us, you gain access to a large fleet of crane lorries, with the largest lorry crane being over 50 tonne metres and with a reach of over 30 metres. Is that not enough? In that case, we will use mobile cranes.<\/p>\n<p>We also have a large range of loaders for loading and unloading shipments, as well as for lifting the goods into position.<\/p>\n<p>Our latest addition to the \u2018family\u2019 is a <strong>SIMA lift<\/strong>, which allows us to place the container on the ground and collect it when the time comes. A convenient solution when you do not have a loading ramp, or perhaps do not have access to a truck.<\/p>\n<p>Please feel free to contact us with any questions about haulage or any of our crane lorries.<\/p>\n<p>[\/et_pb_text][\/et_pb_column][\/et_pb_row][\/et_pb_section][et_pb_section fb_built=&#8221;1&#8243; _builder_version=&#8221;4.4.0&#8243; background_color=&#8221;#f4f4f4&#8243; custom_padding=&#8221;40px|||||&#8221;][et_pb_row column_structure=&#8221;1_2,1_4,1_4&#8243; use_custom_gutter=&#8221;on&#8221; gutter_width=&#8221;2&#8243; _builder_version=&#8221;4.1&#8243; custom_margin=&#8221;|auto||auto|false|false&#8221; custom_padding=&#8221;40px||||false|false&#8221;][et_pb_column type=&#8221;1_2&#8243; _builder_version=&#8221;4.1&#8243;][et_pb_text _builder_version=&#8221;4.4.0&#8243; link_text_color=&#8221;#8c8c8c&#8221;]<\/p>\n<h2>Feel free to contact us<\/h2>\n<p>Contact us if you have any questions about our construction services, if you need help with earth moving work, or if you simply would like to hire an excavator. Alltransport leads you to the right solution!<\/p>\n<p>&nbsp;<\/p>\n<h3>Norrk\u00f6ping: 011-19 83 40<br \/>Link\u00f6ping: 013-24 49 60<br \/>Oxel\u00f6sund: 0155-350 20<\/h3>\n<h3>E-post:\u00a0<a href=\"mailto:bygg@alltransport.se\">bygg@alltransport.se<\/a><\/h3>\n<p>[\/et_pb_text][\/et_pb_column][et_pb_column type=&#8221;1_4&#8243; _builder_version=&#8221;4.1&#8243;][\/et_pb_column][et_pb_column type=&#8221;1_4&#8243; _builder_version=&#8221;4.1&#8243;][\/et_pb_column][\/et_pb_row][et_pb_row column_structure=&#8221;1_4,1_4,1_4,1_4&#8243; use_custom_gutter=&#8221;on&#8221; gutter_width=&#8221;2&#8243; custom_padding_last_edited=&#8221;on|phone&#8221; _builder_version=&#8221;4.4.1&#8243; width_tablet=&#8221;90%&#8221; width_phone=&#8221;&#8221; width_last_edited=&#8221;on|phone&#8221; custom_padding_tablet=&#8221;40px|40px|40px|40px|true|true&#8221; custom_padding_phone=&#8221;&#8221;][et_pb_column type=&#8221;1_4&#8243; _builder_version=&#8221;4.4.0&#8243; background_color=&#8221;#ffffff&#8221;][et_pb_team_member name=&#8221;Mikael Roos&#8221; position=&#8221;Transport planning&#8221; image_url=&#8221;https:\/\/www.alltransport.se\/wp-content\/uploads\/2019\/11\/Mikael-Roos.jpg&#8221; _builder_version=&#8221;4.4.0&#8243; body_font=&#8221;|600|||||||&#8221; position_text_color=&#8221;#0069b4&#8243; body_link_text_color=&#8221;#e02b20&#8243; text_orientation=&#8221;center&#8221; custom_margin=&#8221;||||false|false&#8221; custom_padding=&#8221;15px|10px|15px|10px|true|true&#8221; box_shadow_style=&#8221;preset1&#8243; transform_styles__hover_enabled=&#8221;off|desktop&#8221; transform_scale__hover_enabled=&#8221;off|desktop&#8221; transform_translate__hover_enabled=&#8221;off|desktop&#8221; transform_rotate__hover_enabled=&#8221;off|desktop&#8221; transform_skew__hover_enabled=&#8221;off|desktop&#8221; transform_origin__hover_enabled=&#8221;off|desktop&#8221; transform_scale__hover=&#8221;105%|105%&#8221;]<\/p>\n<p>Norrk\u00f6ping<\/p>\n<p>[\/et_pb_team_member][\/et_pb_column][et_pb_column type=&#8221;1_4&#8243; _builder_version=&#8221;4.4.0&#8243; background_color=&#8221;#ffffff&#8221;][et_pb_team_member name=&#8221;Johan Persson&#8221; position=&#8221;Transport planning&#8221; image_url=&#8221;https:\/\/www.alltransport.se\/wp-content\/uploads\/2019\/11\/Johan-Persson.jpg&#8221; _builder_version=&#8221;4.4.0&#8243; body_font=&#8221;|600|||||||&#8221; position_text_color=&#8221;#0069b4&#8243; body_link_text_color=&#8221;#e02b20&#8243; text_orientation=&#8221;center&#8221; custom_margin=&#8221;||||false|false&#8221; custom_padding=&#8221;15px|10px|15px|10px|true|true&#8221; box_shadow_style=&#8221;preset1&#8243; transform_styles__hover_enabled=&#8221;off|desktop&#8221; transform_scale__hover_enabled=&#8221;off|desktop&#8221; transform_translate__hover_enabled=&#8221;off|desktop&#8221; transform_rotate__hover_enabled=&#8221;off|desktop&#8221; transform_skew__hover_enabled=&#8221;off|desktop&#8221; transform_origin__hover_enabled=&#8221;off|desktop&#8221; transform_scale__hover=&#8221;105%|105%&#8221;]<\/p>\n<p>Norrk\u00f6ping<\/p>\n<p>[\/et_pb_team_member][\/et_pb_column][et_pb_column type=&#8221;1_4&#8243; _builder_version=&#8221;4.4.0&#8243; background_color=&#8221;#ffffff&#8221;][et_pb_team_member name=&#8221;Andreas Alf&#8221; position=&#8221;Transport planning&#8221; image_url=&#8221;https:\/\/www.alltransport.se\/wp-content\/uploads\/2019\/11\/Andreas-Alf.jpg&#8221; admin_label=&#8221;Andreas Alf&#8221; _builder_version=&#8221;4.4.0&#8243; body_font=&#8221;|600|||||||&#8221; position_text_color=&#8221;#0069b4&#8243; body_link_text_color=&#8221;#e02b20&#8243; text_orientation=&#8221;center&#8221; custom_margin=&#8221;||||false|false&#8221; custom_padding=&#8221;15px|10px|15px|10px|true|true&#8221; box_shadow_style=&#8221;preset1&#8243; transform_styles__hover_enabled=&#8221;off|desktop&#8221; transform_scale__hover_enabled=&#8221;off|desktop&#8221; transform_translate__hover_enabled=&#8221;off|desktop&#8221; transform_rotate__hover_enabled=&#8221;off|desktop&#8221; transform_skew__hover_enabled=&#8221;off|desktop&#8221; transform_origin__hover_enabled=&#8221;off|desktop&#8221; transform_scale__hover=&#8221;105%|105%&#8221;]<\/p>\n<p>Norrk\u00f6ping<\/p>\n<p>[\/et_pb_team_member][\/et_pb_column][et_pb_column type=&#8221;1_4&#8243; _builder_version=&#8221;4.4.0&#8243; background_color=&#8221;#ffffff&#8221;][et_pb_team_member name=&#8221;Helen Andersson&#8221; position=&#8221;Transport planning&#8221; image_url=&#8221;https:\/\/www.alltransport.se\/wp-content\/uploads\/2019\/11\/Helen-Andersson.jpg&#8221; admin_label=&#8221;Helen Andersson&#8221; _builder_version=&#8221;4.4.0&#8243; body_font=&#8221;|600|||||||&#8221; position_text_color=&#8221;#0069b4&#8243; body_link_text_color=&#8221;#e02b20&#8243; text_orientation=&#8221;center&#8221; custom_margin=&#8221;||||false|false&#8221; custom_padding=&#8221;15px|10px|15px|10px|true|true&#8221; box_shadow_style=&#8221;preset1&#8243; transform_styles__hover_enabled=&#8221;off|desktop&#8221; transform_scale__hover_enabled=&#8221;off|desktop&#8221; transform_translate__hover_enabled=&#8221;off|desktop&#8221; transform_rotate__hover_enabled=&#8221;off|desktop&#8221; transform_skew__hover_enabled=&#8221;off|desktop&#8221; transform_origin__hover_enabled=&#8221;off|desktop&#8221; transform_scale__hover=&#8221;105%|105%&#8221;]<\/p>\n<p>Link\u00f6ping<\/p>\n<p>[\/et_pb_team_member][\/et_pb_column][\/et_pb_row][et_pb_row column_structure=&#8221;1_4,1_4,1_4,1_4&#8243; use_custom_gutter=&#8221;on&#8221; gutter_width=&#8221;2&#8243; custom_padding_last_edited=&#8221;on|phone&#8221; _builder_version=&#8221;4.4.1&#8243; width_tablet=&#8221;90%&#8221; width_phone=&#8221;&#8221; width_last_edited=&#8221;on|phone&#8221; custom_padding=&#8221;0px||||false|false&#8221; custom_padding_tablet=&#8221;40px|40px|40px|40px|true|true&#8221; custom_padding_phone=&#8221;&#8221;][et_pb_column type=&#8221;1_4&#8243; _builder_version=&#8221;4.4.0&#8243; background_color=&#8221;#ffffff&#8221;][et_pb_team_member name=&#8221;Andreas Hammarlund&#8221; position=&#8221;Construction &amp; contracting&#8221; image_url=&#8221;https:\/\/www.alltransport.se\/wp-content\/uploads\/2019\/11\/Andreas_Hammarlund.jpg&#8221; admin_label=&#8221;Andreas Hammarlund&#8221; _builder_version=&#8221;4.4.0&#8243; body_font=&#8221;|600|||||||&#8221; position_text_color=&#8221;#0069b4&#8243; body_link_text_color=&#8221;#e02b20&#8243; text_orientation=&#8221;center&#8221; custom_margin=&#8221;||||false|false&#8221; custom_padding=&#8221;15px|10px|15px|10px|true|true&#8221; box_shadow_style=&#8221;preset1&#8243; box_shadow_blur=&#8221;25px&#8221; transform_styles__hover_enabled=&#8221;off|desktop&#8221; transform_scale__hover_enabled=&#8221;off|desktop&#8221; transform_translate__hover_enabled=&#8221;off|desktop&#8221; transform_rotate__hover_enabled=&#8221;off|desktop&#8221; transform_skew__hover_enabled=&#8221;off|desktop&#8221; transform_origin__hover_enabled=&#8221;off|desktop&#8221; transform_scale__hover=&#8221;105%|105%&#8221;]<\/p>\n<p>Link\u00f6ping<\/p>\n<p>[\/et_pb_team_member][\/et_pb_column][et_pb_column type=&#8221;1_4&#8243; _builder_version=&#8221;4.4.1&#8243; background_enable_color=&#8221;off&#8221;][\/et_pb_column][et_pb_column type=&#8221;1_4&#8243; _builder_version=&#8221;4.4.1&#8243; background_enable_color=&#8221;off&#8221;][\/et_pb_column][et_pb_column type=&#8221;1_4&#8243; _builder_version=&#8221;4.4.1&#8243; background_enable_color=&#8221;off&#8221;][\/et_pb_column][\/et_pb_row][\/et_pb_section]<\/p>\n","protected":false},"excerpt":{"rendered":"<p>Shipments by crane &amp; trailerTransporting building materials, machinery or large volumes by crane or trailer Easily distribute building materials, machinery, boats and other large volumes. As a layperson, you may not wish to perform heavy, difficult lifting yourself, so get help from knowledgeable staff with access to the right equipment. Do you need to transport sheds or machinery? We can solve it, with the right crane lorry or trailer and equipment for every occasion. We will apply for clearance for wide, long and heavy consignments ourselves. Alltransport arranges tailored haulage solutions by crane or trailer, depending on what you need help with. If you prefer a total solution, we can coordinate the transport, dismantling and assembly by crane lorry. Through us, you gain access to a large fleet of crane lorries, with the largest lorry crane being over 50 tonne metres and with a reach of over 30 metres. Is that not enough? In that case, we will use mobile cranes. We also have a large range of loaders for loading and unloading shipments, as well as for lifting the goods into position. Our latest addition to the \u2018family\u2019 is a SIMA lift, which allows us to place the container [&hellip;]<\/p>\n","protected":false},"author":1,"featured_media":0,"parent":0,"menu_order":0,"comment_status":"closed","ping_status":"closed","template":"","meta":{"_et_pb_use_builder":"on","_et_pb_old_content":"","_et_gb_content_width":"","footnotes":""},"class_list":["post-1683","page","type-page","status-publish","hentry"],"yoast_head":"<!-- This site is optimized with the Yoast SEO plugin v27.3 - https:\/\/yoast.com\/product\/yoast-seo-wordpress\/ -->\n<title>Kranbil &amp; trailertransporter av stora volymer - Alltransport<\/title>\n<meta name=\"description\" content=\"Kranbil och trailertransport f\u00f6r tung och stor volym. V\u00e5r kunniga personal tar hand om lyft och distribution av byggmaterial, maskiner och b\u00e5tar.\" \/>\n<meta name=\"robots\" content=\"index, follow, max-snippet:-1, max-image-preview:large, max-video-preview:-1\" \/>\n<link rel=\"canonical\" href=\"https:\/\/www.alltransport.se\/en\/shipments-by-crane-trailer\/\" \/>\n<meta property=\"og:locale\" content=\"en_US\" \/>\n<meta property=\"og:type\" content=\"article\" \/>\n<meta property=\"og:title\" content=\"Kranbil &amp; trailertransporter av stora volymer - Alltransport\" \/>\n<meta property=\"og:description\" content=\"Kranbil och trailertransport f\u00f6r tung och stor volym. V\u00e5r kunniga personal tar hand om lyft och distribution av byggmaterial, maskiner och b\u00e5tar.\" \/>\n<meta property=\"og:url\" content=\"https:\/\/www.alltransport.se\/en\/shipments-by-crane-trailer\/\" \/>\n<meta property=\"og:site_name\" content=\"Alltransport\" \/>\n<meta property=\"article:publisher\" content=\"https:\/\/www.facebook.com\/alltransport37\" \/>\n<meta property=\"article:modified_time\" content=\"2021-10-11T08:44:14+00:00\" \/>\n<meta name=\"twitter:card\" content=\"summary_large_image\" \/>\n<meta name=\"twitter:label1\" content=\"Est. reading time\" \/>\n\t<meta name=\"twitter:data1\" content=\"6 minutes\" \/>\n<script type=\"application\/ld+json\" class=\"yoast-schema-graph\">{\"@context\":\"https:\\\/\\\/schema.org\",\"@graph\":[{\"@type\":\"WebPage\",\"@id\":\"https:\\\/\\\/www.alltransport.se\\\/en\\\/shipments-by-crane-trailer\\\/\",\"url\":\"https:\\\/\\\/www.alltransport.se\\\/en\\\/shipments-by-crane-trailer\\\/\",\"name\":\"Kranbil & trailertransporter av stora volymer - Alltransport\",\"isPartOf\":{\"@id\":\"https:\\\/\\\/www.alltransport.se\\\/en\\\/#website\"},\"datePublished\":\"2021-10-11T08:44:13+00:00\",\"dateModified\":\"2021-10-11T08:44:14+00:00\",\"description\":\"Kranbil och trailertransport f\u00f6r tung och stor volym. V\u00e5r kunniga personal tar hand om lyft och distribution av byggmaterial, maskiner och b\u00e5tar.\",\"breadcrumb\":{\"@id\":\"https:\\\/\\\/www.alltransport.se\\\/en\\\/shipments-by-crane-trailer\\\/#breadcrumb\"},\"inLanguage\":\"en-US\",\"potentialAction\":[{\"@type\":\"ReadAction\",\"target\":[\"https:\\\/\\\/www.alltransport.se\\\/en\\\/shipments-by-crane-trailer\\\/\"]}]},{\"@type\":\"BreadcrumbList\",\"@id\":\"https:\\\/\\\/www.alltransport.se\\\/en\\\/shipments-by-crane-trailer\\\/#breadcrumb\",\"itemListElement\":[{\"@type\":\"ListItem\",\"position\":1,\"name\":\"Hem\",\"item\":\"https:\\\/\\\/www.alltransport.se\\\/en\\\/homepage\\\/\"},{\"@type\":\"ListItem\",\"position\":2,\"name\":\"Shipments by crane &#038; trailer\"}]},{\"@type\":\"WebSite\",\"@id\":\"https:\\\/\\\/www.alltransport.se\\\/en\\\/#website\",\"url\":\"https:\\\/\\\/www.alltransport.se\\\/en\\\/\",\"name\":\"Alltransport\",\"description\":\"Vi erbjuder rikst\u00e4ckande transport- &amp; logistikl\u00f6sningar\",\"publisher\":{\"@id\":\"https:\\\/\\\/www.alltransport.se\\\/en\\\/#organization\"},\"potentialAction\":[{\"@type\":\"SearchAction\",\"target\":{\"@type\":\"EntryPoint\",\"urlTemplate\":\"https:\\\/\\\/www.alltransport.se\\\/en\\\/?s={search_term_string}\"},\"query-input\":{\"@type\":\"PropertyValueSpecification\",\"valueRequired\":true,\"valueName\":\"search_term_string\"}}],\"inLanguage\":\"en-US\"},{\"@type\":\"Organization\",\"@id\":\"https:\\\/\\\/www.alltransport.se\\\/en\\\/#organization\",\"name\":\"Alltransport\",\"url\":\"https:\\\/\\\/www.alltransport.se\\\/en\\\/\",\"logo\":{\"@type\":\"ImageObject\",\"inLanguage\":\"en-US\",\"@id\":\"https:\\\/\\\/www.alltransport.se\\\/en\\\/#\\\/schema\\\/logo\\\/image\\\/\",\"url\":\"https:\\\/\\\/www.alltransport.se\\\/wp-content\\\/uploads\\\/2019\\\/10\\\/AT_logovektor-liten.png\",\"contentUrl\":\"https:\\\/\\\/www.alltransport.se\\\/wp-content\\\/uploads\\\/2019\\\/10\\\/AT_logovektor-liten.png\",\"width\":778,\"height\":238,\"caption\":\"Alltransport\"},\"image\":{\"@id\":\"https:\\\/\\\/www.alltransport.se\\\/en\\\/#\\\/schema\\\/logo\\\/image\\\/\"},\"sameAs\":[\"https:\\\/\\\/www.facebook.com\\\/alltransport37\"]}]}<\/script>\n<!-- \/ Yoast SEO plugin. -->","yoast_head_json":{"title":"Kranbil & trailertransporter av stora volymer - Alltransport","description":"Kranbil och trailertransport f\u00f6r tung och stor volym. V\u00e5r kunniga personal tar hand om lyft och distribution av byggmaterial, maskiner och b\u00e5tar.","robots":{"index":"index","follow":"follow","max-snippet":"max-snippet:-1","max-image-preview":"max-image-preview:large","max-video-preview":"max-video-preview:-1"},"canonical":"https:\/\/www.alltransport.se\/en\/shipments-by-crane-trailer\/","og_locale":"en_US","og_type":"article","og_title":"Kranbil & trailertransporter av stora volymer - Alltransport","og_description":"Kranbil och trailertransport f\u00f6r tung och stor volym. V\u00e5r kunniga personal tar hand om lyft och distribution av byggmaterial, maskiner och b\u00e5tar.","og_url":"https:\/\/www.alltransport.se\/en\/shipments-by-crane-trailer\/","og_site_name":"Alltransport","article_publisher":"https:\/\/www.facebook.com\/alltransport37","article_modified_time":"2021-10-11T08:44:14+00:00","twitter_card":"summary_large_image","twitter_misc":{"Est. reading time":"6 minutes"},"schema":{"@context":"https:\/\/schema.org","@graph":[{"@type":"WebPage","@id":"https:\/\/www.alltransport.se\/en\/shipments-by-crane-trailer\/","url":"https:\/\/www.alltransport.se\/en\/shipments-by-crane-trailer\/","name":"Kranbil & trailertransporter av stora volymer - Alltransport","isPartOf":{"@id":"https:\/\/www.alltransport.se\/en\/#website"},"datePublished":"2021-10-11T08:44:13+00:00","dateModified":"2021-10-11T08:44:14+00:00","description":"Kranbil och trailertransport f\u00f6r tung och stor volym. V\u00e5r kunniga personal tar hand om lyft och distribution av byggmaterial, maskiner och b\u00e5tar.","breadcrumb":{"@id":"https:\/\/www.alltransport.se\/en\/shipments-by-crane-trailer\/#breadcrumb"},"inLanguage":"en-US","potentialAction":[{"@type":"ReadAction","target":["https:\/\/www.alltransport.se\/en\/shipments-by-crane-trailer\/"]}]},{"@type":"BreadcrumbList","@id":"https:\/\/www.alltransport.se\/en\/shipments-by-crane-trailer\/#breadcrumb","itemListElement":[{"@type":"ListItem","position":1,"name":"Hem","item":"https:\/\/www.alltransport.se\/en\/homepage\/"},{"@type":"ListItem","position":2,"name":"Shipments by crane &#038; trailer"}]},{"@type":"WebSite","@id":"https:\/\/www.alltransport.se\/en\/#website","url":"https:\/\/www.alltransport.se\/en\/","name":"Alltransport","description":"Vi erbjuder rikst\u00e4ckande transport- &amp; logistikl\u00f6sningar","publisher":{"@id":"https:\/\/www.alltransport.se\/en\/#organization"},"potentialAction":[{"@type":"SearchAction","target":{"@type":"EntryPoint","urlTemplate":"https:\/\/www.alltransport.se\/en\/?s={search_term_string}"},"query-input":{"@type":"PropertyValueSpecification","valueRequired":true,"valueName":"search_term_string"}}],"inLanguage":"en-US"},{"@type":"Organization","@id":"https:\/\/www.alltransport.se\/en\/#organization","name":"Alltransport","url":"https:\/\/www.alltransport.se\/en\/","logo":{"@type":"ImageObject","inLanguage":"en-US","@id":"https:\/\/www.alltransport.se\/en\/#\/schema\/logo\/image\/","url":"https:\/\/www.alltransport.se\/wp-content\/uploads\/2019\/10\/AT_logovektor-liten.png","contentUrl":"https:\/\/www.alltransport.se\/wp-content\/uploads\/2019\/10\/AT_logovektor-liten.png","width":778,"height":238,"caption":"Alltransport"},"image":{"@id":"https:\/\/www.alltransport.se\/en\/#\/schema\/logo\/image\/"},"sameAs":["https:\/\/www.facebook.com\/alltransport37"]}]}},"_links":{"self":[{"href":"https:\/\/www.alltransport.se\/en\/wp-json\/wp\/v2\/pages\/1683","targetHints":{"allow":["GET"]}}],"collection":[{"href":"https:\/\/www.alltransport.se\/en\/wp-json\/wp\/v2\/pages"}],"about":[{"href":"https:\/\/www.alltransport.se\/en\/wp-json\/wp\/v2\/types\/page"}],"author":[{"embeddable":true,"href":"https:\/\/www.alltransport.se\/en\/wp-json\/wp\/v2\/users\/1"}],"replies":[{"embeddable":true,"href":"https:\/\/www.alltransport.se\/en\/wp-json\/wp\/v2\/comments?post=1683"}],"version-history":[{"count":2,"href":"https:\/\/www.alltransport.se\/en\/wp-json\/wp\/v2\/pages\/1683\/revisions"}],"predecessor-version":[{"id":1685,"href":"https:\/\/www.alltransport.se\/en\/wp-json\/wp\/v2\/pages\/1683\/revisions\/1685"}],"wp:attachment":[{"href":"https:\/\/www.alltransport.se\/en\/wp-json\/wp\/v2\/media?parent=1683"}],"curies":[{"name":"wp","href":"https:\/\/api.w.org\/{rel}","templated":true}]}}