{"id":1690,"date":"2021-10-11T10:51:26","date_gmt":"2021-10-11T08:51:26","guid":{"rendered":"https:\/\/www.alltransport.se\/lifting-heavy-handling\/"},"modified":"2021-10-11T10:51:27","modified_gmt":"2021-10-11T08:51:27","slug":"lifting-heavy-handling","status":"publish","type":"page","link":"https:\/\/www.alltransport.se\/en\/lifting-heavy-handling\/","title":{"rendered":"Lifting &#038; heavy handling"},"content":{"rendered":"<p>[et_pb_section fb_built=&#8221;1&#8243; _builder_version=&#8221;4.0.5&#8243; custom_padding=&#8221;40px|||||&#8221;][et_pb_row _builder_version=&#8221;4.0.5&#8243; custom_padding=&#8221;0px|||||&#8221;][et_pb_column type=&#8221;4_4&#8243; _builder_version=&#8221;4.0.5&#8243;][et_pb_image src=&#8221;https:\/\/www.alltransport.se\/wp-content\/uploads\/2020\/03\/Lyft-Tunghantering.jpg&#8221; alt=&#8221;tunghantering&#8221; force_fullwidth=&#8221;on&#8221; _builder_version=&#8221;4.4.1&#8243; custom_margin=&#8221;||20px||false|false&#8221;][\/et_pb_image][et_pb_text admin_label=&#8221;Rubrik&#8221; _builder_version=&#8221;4.0.7&#8243; background_enable_color=&#8221;off&#8221; custom_margin=&#8221;||||false|false&#8221; custom_padding=&#8221;||10px||false|true&#8221; header_font_size_tablet=&#8221;40px&#8221; header_font_size_phone=&#8221;22px&#8221; header_font_size_last_edited=&#8221;on|phone&#8221; border_width_bottom=&#8221;3px&#8221; border_color_bottom=&#8221;#1e3556&#8243;]<\/p>\n<h1>Lifting &amp; heavy handling<\/h1>\n<p>[\/et_pb_text][et_pb_text _builder_version=&#8221;4.4.0&#8243; header_2_font_size_tablet=&#8221;22px&#8221; header_2_font_size_phone=&#8221;20px&#8221; header_2_font_size_last_edited=&#8221;on|phone&#8221;]<\/p>\n<h2>Lifting &amp; heavy handling \u2013 where we really excel<\/h2>\n<p>Where we really excel is in the business of heavy handling. We have been developing methods of heavy handling for many years, and we have a long tradition to fall back on.<\/p>\n<p>Whatever job you have for us, we will manage it: large or small, simple or advanced. All you need is to prepare well, have the right equipment and have the right staff with the right skills.<\/p>\n<p>When you need to transport something heavy, tall and wide, we solve it using our machine trailers. We move building materials, boats, crew sheds and a lot more besides using everything from small pickups to large 4-axled lorries with cranes. If you have something that is not so large or heavy \u2013 perhaps just a touch awkward and difficult to handle \u2013 we can solve that, too. We have the right vehicle for just about any shipment!<\/p>\n<p>Major assignments may require alterations to bridges and roads. If so, we can do it! For replacing bridges, moving houses and industrial moves \u2013 or perhaps transporting an aeroplane \u2013 we have the equipment to handle weights of over 1,000 tonnes.<\/p>\n<h3>We help you to plan correctly<\/h3>\n<p>A heavy handling project is a complex process that requires careful planning and preparation. Many pieces need to fall into place before the project can be implemented. Transport routes need to be examined, authorities contacted and permits obtained. The early we come in, the more effectively the assignment will be conducted.<\/p>\n<p>With our experience and skills, we offer a good total solution that considers not only lifting and heavy handling techniques but also the effects on buildings and transport routes. We always try to find an optimal solution for you as a customer.<\/p>\n<p>The great thing is that we use the right person in the right place. Many of our employees have backgrounds as welders, truck operators or mechanics. Using their experience, they can quickly spot possible solutions that others might miss.<\/p>\n<p><em>We are based in \u00d6sterg\u00f6tland and work throughout Sweden, but in truth we go where the job takes us.<\/em><\/p>\n<p>[\/et_pb_text][\/et_pb_column][\/et_pb_row][\/et_pb_section][et_pb_section fb_built=&#8221;1&#8243; _builder_version=&#8221;4.4.0&#8243; background_color=&#8221;#f4f4f4&#8243; custom_padding=&#8221;40px|||||&#8221;][et_pb_row column_structure=&#8221;1_2,1_4,1_4&#8243; use_custom_gutter=&#8221;on&#8221; gutter_width=&#8221;2&#8243; _builder_version=&#8221;4.1&#8243; custom_margin=&#8221;|auto||auto|false|false&#8221; custom_padding=&#8221;40px||||false|false&#8221;][et_pb_column type=&#8221;1_2&#8243; _builder_version=&#8221;4.1&#8243;][et_pb_text _builder_version=&#8221;4.4.0&#8243; link_text_color=&#8221;#8c8c8c&#8221;]<\/p>\n<h2>Feel free to contact us<\/h2>\n<p>Contact us if you have any questions about our construction services, if you need help with earth moving work, or if you simply would like to hire an excavator. Alltransport leads you to the right solution!<\/p>\n<p>&nbsp;<\/p>\n<h3>Norrk\u00f6ping: 011-19 83 40<br \/>Link\u00f6ping: 013-24 49 60<br \/>Oxel\u00f6sund: 0155-350 20<\/h3>\n<h3>E-post:\u00a0<a href=\"mailto:bygg@alltransport.se\">bygg@alltransport.se<\/a><\/h3>\n<p>[\/et_pb_text][\/et_pb_column][et_pb_column type=&#8221;1_4&#8243; _builder_version=&#8221;4.1&#8243;][\/et_pb_column][et_pb_column type=&#8221;1_4&#8243; _builder_version=&#8221;4.1&#8243;][\/et_pb_column][\/et_pb_row][et_pb_row column_structure=&#8221;1_4,1_4,1_4,1_4&#8243; use_custom_gutter=&#8221;on&#8221; gutter_width=&#8221;2&#8243; custom_padding_last_edited=&#8221;on|phone&#8221; _builder_version=&#8221;4.4.1&#8243; width_tablet=&#8221;90%&#8221; width_phone=&#8221;&#8221; width_last_edited=&#8221;on|phone&#8221; custom_padding_tablet=&#8221;40px|40px|40px|40px|true|true&#8221; custom_padding_phone=&#8221;&#8221;][et_pb_column type=&#8221;1_4&#8243; _builder_version=&#8221;4.4.0&#8243; background_color=&#8221;#ffffff&#8221;][et_pb_team_member name=&#8221;Mikael Roos&#8221; position=&#8221;Transport planning&#8221; image_url=&#8221;https:\/\/www.alltransport.se\/wp-content\/uploads\/2019\/11\/Mikael-Roos.jpg&#8221; _builder_version=&#8221;4.4.0&#8243; body_font=&#8221;|600|||||||&#8221; position_text_color=&#8221;#0069b4&#8243; body_link_text_color=&#8221;#e02b20&#8243; text_orientation=&#8221;center&#8221; custom_margin=&#8221;||||false|false&#8221; custom_padding=&#8221;15px|10px|15px|10px|true|true&#8221; box_shadow_style=&#8221;preset1&#8243; box_shadow_blur=&#8221;25px&#8221; transform_styles__hover_enabled=&#8221;off|desktop&#8221; transform_scale__hover_enabled=&#8221;off|desktop&#8221; transform_translate__hover_enabled=&#8221;off|desktop&#8221; transform_rotate__hover_enabled=&#8221;off|desktop&#8221; transform_skew__hover_enabled=&#8221;off|desktop&#8221; transform_origin__hover_enabled=&#8221;off|desktop&#8221; transform_scale__hover=&#8221;105%|105%&#8221;]<\/p>\n<p>Norrk\u00f6ping<\/p>\n<p>[\/et_pb_team_member][\/et_pb_column][et_pb_column type=&#8221;1_4&#8243; _builder_version=&#8221;4.4.0&#8243; background_color=&#8221;#ffffff&#8221;][et_pb_team_member name=&#8221;Johan Persson&#8221; position=&#8221;Transport planning&#8221; image_url=&#8221;https:\/\/www.alltransport.se\/wp-content\/uploads\/2019\/11\/Johan-Persson.jpg&#8221; _builder_version=&#8221;4.4.0&#8243; body_font=&#8221;|600|||||||&#8221; position_text_color=&#8221;#0069b4&#8243; body_link_text_color=&#8221;#e02b20&#8243; text_orientation=&#8221;center&#8221; custom_margin=&#8221;||||false|false&#8221; custom_padding=&#8221;15px|10px|15px|10px|true|true&#8221; box_shadow_style=&#8221;preset1&#8243; box_shadow_blur=&#8221;25px&#8221; transform_styles__hover_enabled=&#8221;off|desktop&#8221; transform_scale__hover_enabled=&#8221;off|desktop&#8221; transform_translate__hover_enabled=&#8221;off|desktop&#8221; transform_rotate__hover_enabled=&#8221;off|desktop&#8221; transform_skew__hover_enabled=&#8221;off|desktop&#8221; transform_origin__hover_enabled=&#8221;off|desktop&#8221; transform_scale__hover=&#8221;105%|105%&#8221;]<\/p>\n<p>Norrk\u00f6ping<\/p>\n<p>[\/et_pb_team_member][\/et_pb_column][et_pb_column type=&#8221;1_4&#8243; _builder_version=&#8221;4.4.0&#8243; background_color=&#8221;#ffffff&#8221;][et_pb_team_member name=&#8221;Helen Andersson&#8221; position=&#8221;Transport planning&#8221; image_url=&#8221;https:\/\/www.alltransport.se\/wp-content\/uploads\/2019\/11\/Helen-Andersson.jpg&#8221; admin_label=&#8221;Helen Andersson&#8221; _builder_version=&#8221;4.4.0&#8243; body_font=&#8221;|600|||||||&#8221; position_text_color=&#8221;#0069b4&#8243; body_link_text_color=&#8221;#e02b20&#8243; text_orientation=&#8221;center&#8221; custom_margin=&#8221;||||false|false&#8221; custom_padding=&#8221;15px|10px|15px|10px|true|true&#8221; box_shadow_style=&#8221;preset1&#8243; box_shadow_blur=&#8221;25px&#8221; transform_styles__hover_enabled=&#8221;off|desktop&#8221; transform_scale__hover_enabled=&#8221;off|desktop&#8221; transform_translate__hover_enabled=&#8221;off|desktop&#8221; transform_rotate__hover_enabled=&#8221;off|desktop&#8221; transform_skew__hover_enabled=&#8221;off|desktop&#8221; transform_origin__hover_enabled=&#8221;off|desktop&#8221; transform_scale__hover=&#8221;105%|105%&#8221;]<\/p>\n<p>Link\u00f6ping<\/p>\n<p>[\/et_pb_team_member][\/et_pb_column][et_pb_column type=&#8221;1_4&#8243; _builder_version=&#8221;4.4.0&#8243; background_color=&#8221;#ffffff&#8221;][et_pb_team_member name=&#8221;Andreas Hammarlund&#8221; position=&#8221;Construction &amp; contracting&#8221; image_url=&#8221;https:\/\/www.alltransport.se\/wp-content\/uploads\/2019\/11\/Andreas_Hammarlund.jpg&#8221; admin_label=&#8221;Andreas Hammarlund&#8221; _builder_version=&#8221;4.4.0&#8243; body_font=&#8221;|600|||||||&#8221; position_text_color=&#8221;#0069b4&#8243; body_link_text_color=&#8221;#e02b20&#8243; text_orientation=&#8221;center&#8221; custom_margin=&#8221;||||false|false&#8221; custom_padding=&#8221;15px|10px|15px|10px|true|true&#8221; box_shadow_style=&#8221;preset1&#8243; box_shadow_blur=&#8221;25px&#8221; transform_styles__hover_enabled=&#8221;off|desktop&#8221; transform_scale__hover_enabled=&#8221;off|desktop&#8221; transform_translate__hover_enabled=&#8221;off|desktop&#8221; transform_rotate__hover_enabled=&#8221;off|desktop&#8221; transform_skew__hover_enabled=&#8221;off|desktop&#8221; transform_origin__hover_enabled=&#8221;off|desktop&#8221; transform_scale__hover=&#8221;105%|105%&#8221;]<\/p>\n<p>Link\u00f6ping<\/p>\n<p>[\/et_pb_team_member][\/et_pb_column][\/et_pb_row][\/et_pb_section]<\/p>\n","protected":false},"excerpt":{"rendered":"<p>Lifting &amp; heavy handlingLifting &amp; heavy handling \u2013 where we really excel Where we really excel is in the business of heavy handling. We have been developing methods of heavy handling for many years, and we have a long tradition to fall back on. Whatever job you have for us, we will manage it: large or small, simple or advanced. All you need is to prepare well, have the right equipment and have the right staff with the right skills. When you need to transport something heavy, tall and wide, we solve it using our machine trailers. We move building materials, boats, crew sheds and a lot more besides using everything from small pickups to large 4-axled lorries with cranes. If you have something that is not so large or heavy \u2013 perhaps just a touch awkward and difficult to handle \u2013 we can solve that, too. We have the right vehicle for just about any shipment! Major assignments may require alterations to bridges and roads. If so, we can do it! For replacing bridges, moving houses and industrial moves \u2013 or perhaps transporting an aeroplane \u2013 we have the equipment to handle weights of over 1,000 tonnes. We help [&hellip;]<\/p>\n","protected":false},"author":1,"featured_media":0,"parent":0,"menu_order":0,"comment_status":"closed","ping_status":"closed","template":"","meta":{"_et_pb_use_builder":"on","_et_pb_old_content":"","_et_gb_content_width":"","footnotes":""},"class_list":["post-1690","page","type-page","status-publish","hentry"],"yoast_head":"<!-- This site is optimized with the Yoast SEO plugin v27.3 - https:\/\/yoast.com\/product\/yoast-seo-wordpress\/ -->\n<title>Lyft &amp; tunghantering \/ tungtransport - Alltransport<\/title>\n<meta name=\"description\" content=\"Vi \u00e4r specialister p\u00e5 lyft &amp; tunghantering oavsett underlag. Med l\u00e5ng erfarenhet &amp; egenutvecklade metoder l\u00f6ser v\u00e5r personal de mest avancerade uppgifterna.\" \/>\n<meta name=\"robots\" content=\"index, follow, max-snippet:-1, max-image-preview:large, max-video-preview:-1\" \/>\n<link rel=\"canonical\" href=\"https:\/\/www.alltransport.se\/en\/lifting-heavy-handling\/\" \/>\n<meta property=\"og:locale\" content=\"en_US\" \/>\n<meta property=\"og:type\" content=\"article\" \/>\n<meta property=\"og:title\" content=\"Lyft &amp; tunghantering \/ tungtransport - Alltransport\" \/>\n<meta property=\"og:description\" content=\"Vi \u00e4r specialister p\u00e5 lyft &amp; tunghantering oavsett underlag. Med l\u00e5ng erfarenhet &amp; egenutvecklade metoder l\u00f6ser v\u00e5r personal de mest avancerade uppgifterna.\" \/>\n<meta property=\"og:url\" content=\"https:\/\/www.alltransport.se\/en\/lifting-heavy-handling\/\" \/>\n<meta property=\"og:site_name\" content=\"Alltransport\" \/>\n<meta property=\"article:publisher\" content=\"https:\/\/www.facebook.com\/alltransport37\" \/>\n<meta property=\"article:modified_time\" content=\"2021-10-11T08:51:27+00:00\" \/>\n<meta name=\"twitter:card\" content=\"summary_large_image\" \/>\n<meta name=\"twitter:label1\" content=\"Est. reading time\" \/>\n\t<meta name=\"twitter:data1\" content=\"6 minutes\" \/>\n<script type=\"application\/ld+json\" class=\"yoast-schema-graph\">{\"@context\":\"https:\\\/\\\/schema.org\",\"@graph\":[{\"@type\":\"WebPage\",\"@id\":\"https:\\\/\\\/www.alltransport.se\\\/en\\\/lifting-heavy-handling\\\/\",\"url\":\"https:\\\/\\\/www.alltransport.se\\\/en\\\/lifting-heavy-handling\\\/\",\"name\":\"Lyft & tunghantering \\\/ tungtransport - Alltransport\",\"isPartOf\":{\"@id\":\"https:\\\/\\\/www.alltransport.se\\\/en\\\/#website\"},\"datePublished\":\"2021-10-11T08:51:26+00:00\",\"dateModified\":\"2021-10-11T08:51:27+00:00\",\"description\":\"Vi \u00e4r specialister p\u00e5 lyft & tunghantering oavsett underlag. Med l\u00e5ng erfarenhet & egenutvecklade metoder l\u00f6ser v\u00e5r personal de mest avancerade uppgifterna.\",\"breadcrumb\":{\"@id\":\"https:\\\/\\\/www.alltransport.se\\\/en\\\/lifting-heavy-handling\\\/#breadcrumb\"},\"inLanguage\":\"en-US\",\"potentialAction\":[{\"@type\":\"ReadAction\",\"target\":[\"https:\\\/\\\/www.alltransport.se\\\/en\\\/lifting-heavy-handling\\\/\"]}]},{\"@type\":\"BreadcrumbList\",\"@id\":\"https:\\\/\\\/www.alltransport.se\\\/en\\\/lifting-heavy-handling\\\/#breadcrumb\",\"itemListElement\":[{\"@type\":\"ListItem\",\"position\":1,\"name\":\"Hem\",\"item\":\"https:\\\/\\\/www.alltransport.se\\\/en\\\/homepage\\\/\"},{\"@type\":\"ListItem\",\"position\":2,\"name\":\"Lifting &#038; heavy handling\"}]},{\"@type\":\"WebSite\",\"@id\":\"https:\\\/\\\/www.alltransport.se\\\/en\\\/#website\",\"url\":\"https:\\\/\\\/www.alltransport.se\\\/en\\\/\",\"name\":\"Alltransport\",\"description\":\"Vi erbjuder rikst\u00e4ckande transport- &amp; logistikl\u00f6sningar\",\"publisher\":{\"@id\":\"https:\\\/\\\/www.alltransport.se\\\/en\\\/#organization\"},\"potentialAction\":[{\"@type\":\"SearchAction\",\"target\":{\"@type\":\"EntryPoint\",\"urlTemplate\":\"https:\\\/\\\/www.alltransport.se\\\/en\\\/?s={search_term_string}\"},\"query-input\":{\"@type\":\"PropertyValueSpecification\",\"valueRequired\":true,\"valueName\":\"search_term_string\"}}],\"inLanguage\":\"en-US\"},{\"@type\":\"Organization\",\"@id\":\"https:\\\/\\\/www.alltransport.se\\\/en\\\/#organization\",\"name\":\"Alltransport\",\"url\":\"https:\\\/\\\/www.alltransport.se\\\/en\\\/\",\"logo\":{\"@type\":\"ImageObject\",\"inLanguage\":\"en-US\",\"@id\":\"https:\\\/\\\/www.alltransport.se\\\/en\\\/#\\\/schema\\\/logo\\\/image\\\/\",\"url\":\"https:\\\/\\\/www.alltransport.se\\\/wp-content\\\/uploads\\\/2019\\\/10\\\/AT_logovektor-liten.png\",\"contentUrl\":\"https:\\\/\\\/www.alltransport.se\\\/wp-content\\\/uploads\\\/2019\\\/10\\\/AT_logovektor-liten.png\",\"width\":778,\"height\":238,\"caption\":\"Alltransport\"},\"image\":{\"@id\":\"https:\\\/\\\/www.alltransport.se\\\/en\\\/#\\\/schema\\\/logo\\\/image\\\/\"},\"sameAs\":[\"https:\\\/\\\/www.facebook.com\\\/alltransport37\"]}]}<\/script>\n<!-- \/ Yoast SEO plugin. -->","yoast_head_json":{"title":"Lyft & tunghantering \/ tungtransport - Alltransport","description":"Vi \u00e4r specialister p\u00e5 lyft & tunghantering oavsett underlag. Med l\u00e5ng erfarenhet & egenutvecklade metoder l\u00f6ser v\u00e5r personal de mest avancerade uppgifterna.","robots":{"index":"index","follow":"follow","max-snippet":"max-snippet:-1","max-image-preview":"max-image-preview:large","max-video-preview":"max-video-preview:-1"},"canonical":"https:\/\/www.alltransport.se\/en\/lifting-heavy-handling\/","og_locale":"en_US","og_type":"article","og_title":"Lyft & tunghantering \/ tungtransport - Alltransport","og_description":"Vi \u00e4r specialister p\u00e5 lyft & tunghantering oavsett underlag. Med l\u00e5ng erfarenhet & egenutvecklade metoder l\u00f6ser v\u00e5r personal de mest avancerade uppgifterna.","og_url":"https:\/\/www.alltransport.se\/en\/lifting-heavy-handling\/","og_site_name":"Alltransport","article_publisher":"https:\/\/www.facebook.com\/alltransport37","article_modified_time":"2021-10-11T08:51:27+00:00","twitter_card":"summary_large_image","twitter_misc":{"Est. reading time":"6 minutes"},"schema":{"@context":"https:\/\/schema.org","@graph":[{"@type":"WebPage","@id":"https:\/\/www.alltransport.se\/en\/lifting-heavy-handling\/","url":"https:\/\/www.alltransport.se\/en\/lifting-heavy-handling\/","name":"Lyft & tunghantering \/ tungtransport - Alltransport","isPartOf":{"@id":"https:\/\/www.alltransport.se\/en\/#website"},"datePublished":"2021-10-11T08:51:26+00:00","dateModified":"2021-10-11T08:51:27+00:00","description":"Vi \u00e4r specialister p\u00e5 lyft & tunghantering oavsett underlag. Med l\u00e5ng erfarenhet & egenutvecklade metoder l\u00f6ser v\u00e5r personal de mest avancerade uppgifterna.","breadcrumb":{"@id":"https:\/\/www.alltransport.se\/en\/lifting-heavy-handling\/#breadcrumb"},"inLanguage":"en-US","potentialAction":[{"@type":"ReadAction","target":["https:\/\/www.alltransport.se\/en\/lifting-heavy-handling\/"]}]},{"@type":"BreadcrumbList","@id":"https:\/\/www.alltransport.se\/en\/lifting-heavy-handling\/#breadcrumb","itemListElement":[{"@type":"ListItem","position":1,"name":"Hem","item":"https:\/\/www.alltransport.se\/en\/homepage\/"},{"@type":"ListItem","position":2,"name":"Lifting &#038; heavy handling"}]},{"@type":"WebSite","@id":"https:\/\/www.alltransport.se\/en\/#website","url":"https:\/\/www.alltransport.se\/en\/","name":"Alltransport","description":"Vi erbjuder rikst\u00e4ckande transport- &amp; logistikl\u00f6sningar","publisher":{"@id":"https:\/\/www.alltransport.se\/en\/#organization"},"potentialAction":[{"@type":"SearchAction","target":{"@type":"EntryPoint","urlTemplate":"https:\/\/www.alltransport.se\/en\/?s={search_term_string}"},"query-input":{"@type":"PropertyValueSpecification","valueRequired":true,"valueName":"search_term_string"}}],"inLanguage":"en-US"},{"@type":"Organization","@id":"https:\/\/www.alltransport.se\/en\/#organization","name":"Alltransport","url":"https:\/\/www.alltransport.se\/en\/","logo":{"@type":"ImageObject","inLanguage":"en-US","@id":"https:\/\/www.alltransport.se\/en\/#\/schema\/logo\/image\/","url":"https:\/\/www.alltransport.se\/wp-content\/uploads\/2019\/10\/AT_logovektor-liten.png","contentUrl":"https:\/\/www.alltransport.se\/wp-content\/uploads\/2019\/10\/AT_logovektor-liten.png","width":778,"height":238,"caption":"Alltransport"},"image":{"@id":"https:\/\/www.alltransport.se\/en\/#\/schema\/logo\/image\/"},"sameAs":["https:\/\/www.facebook.com\/alltransport37"]}]}},"_links":{"self":[{"href":"https:\/\/www.alltransport.se\/en\/wp-json\/wp\/v2\/pages\/1690","targetHints":{"allow":["GET"]}}],"collection":[{"href":"https:\/\/www.alltransport.se\/en\/wp-json\/wp\/v2\/pages"}],"about":[{"href":"https:\/\/www.alltransport.se\/en\/wp-json\/wp\/v2\/types\/page"}],"author":[{"embeddable":true,"href":"https:\/\/www.alltransport.se\/en\/wp-json\/wp\/v2\/users\/1"}],"replies":[{"embeddable":true,"href":"https:\/\/www.alltransport.se\/en\/wp-json\/wp\/v2\/comments?post=1690"}],"version-history":[{"count":2,"href":"https:\/\/www.alltransport.se\/en\/wp-json\/wp\/v2\/pages\/1690\/revisions"}],"predecessor-version":[{"id":1692,"href":"https:\/\/www.alltransport.se\/en\/wp-json\/wp\/v2\/pages\/1690\/revisions\/1692"}],"wp:attachment":[{"href":"https:\/\/www.alltransport.se\/en\/wp-json\/wp\/v2\/media?parent=1690"}],"curies":[{"name":"wp","href":"https:\/\/api.w.org\/{rel}","templated":true}]}}