{"id":1718,"date":"2021-10-11T11:47:24","date_gmt":"2021-10-11T09:47:24","guid":{"rendered":"https:\/\/www.alltransport.se\/warehousing-3pl\/"},"modified":"2021-10-29T15:21:16","modified_gmt":"2021-10-29T13:21:16","slug":"warehousing-3pl","status":"publish","type":"page","link":"https:\/\/www.alltransport.se\/en\/warehousing-3pl\/","title":{"rendered":"Warehousing &#038; 3PL"},"content":{"rendered":"<p>[et_pb_section fb_built=&#8221;1&#8243; _builder_version=&#8221;4.0.5&#8243; custom_padding=&#8221;40px|||||&#8221; global_colors_info=&#8221;{}&#8221;][et_pb_row _builder_version=&#8221;4.0.5&#8243; custom_padding=&#8221;0px|||||&#8221; global_colors_info=&#8221;{}&#8221;][et_pb_column type=&#8221;4_4&#8243; _builder_version=&#8221;4.0.5&#8243; global_colors_info=&#8221;{}&#8221;][et_pb_image src=&#8221;https:\/\/www.alltransport.se\/wp-content\/uploads\/2020\/03\/Lager-3pl.jpg&#8221; alt=&#8221;tunghantering&#8221; force_fullwidth=&#8221;on&#8221; _builder_version=&#8221;4.4.0&#8243; custom_margin=&#8221;||20px||false|false&#8221; global_colors_info=&#8221;{}&#8221;][\/et_pb_image][et_pb_text admin_label=&#8221;Rubrik&#8221; _builder_version=&#8221;4.0.7&#8243; background_enable_color=&#8221;off&#8221; custom_margin=&#8221;||||false|false&#8221; custom_padding=&#8221;||10px||false|true&#8221; header_font_size_tablet=&#8221;40px&#8221; header_font_size_phone=&#8221;20px&#8221; header_font_size_last_edited=&#8221;on|tablet&#8221; border_width_bottom=&#8221;3px&#8221; border_color_bottom=&#8221;#1e3556&#8243; global_colors_info=&#8221;{}&#8221;]<\/p>\n<h1>Warehousing &amp; 3PL<\/h1>\n<p>[\/et_pb_text][et_pb_text _builder_version=&#8221;4.3.1&#8243; header_font_size_tablet=&#8221;40px&#8221; header_font_size_phone=&#8221;22px&#8221; header_font_size_last_edited=&#8221;on|phone&#8221; header_2_font_size_tablet=&#8221;24px&#8221; header_2_font_size_phone=&#8221;22px&#8221; header_2_font_size_last_edited=&#8221;on|phone&#8221; header_3_font_size_tablet=&#8221;18px&#8221; header_3_font_size_phone=&#8221;15px&#8221; header_3_font_size_last_edited=&#8221;on|phone&#8221; global_colors_info=&#8221;{}&#8221;]<\/p>\n<p>Our terminal in Norrk\u00f6ping offers a number of flexible total solutions. We take responsibility for receipt, picking and distribution to the end customer. The terminal is easily accessible and has generous opening hours. The warehouse is housed in heated premises with both camera surveillance and an alarm system.<\/p>\n<h2>Warehouse management system (WMS)<\/h2>\n<p>Our warehouse management system (WMS) is integrated, and as a customer you have full control over stock balances, costs, documents, etc.<\/p>\n<h3>3PL warehouse management \u2013 The service for those wishing to hire warehouse space with third party logistics<\/h3>\n<p>3PL has grown a lot in recent years and become an important part of the business of e-commerce. With third party logistics, we take care of all of your warehousing and logistics operations. Together, we can find a solution based on your needs. Using 3PL frees up time and allows your staff to focus on your core business. It also avoids having to have your own warehouse and all the costs that entails. You say goodbye to fixed costs and pay only your variable costs \u2013 in other words, for the space you use and the service you require.<\/p>\n<p>It involves Alltransport, as the third party (3PL), taking over some or all logistics functions. We take great care handling your products and goods, and we have the experienced required. Let us reduce your distribution costs and make your day-to-day life easier.<\/p>\n<p>As part of our warehousing service, we can offer third party logistics with associated services, such as pick &amp; pack, administration, container unloading and long-term storage. The warehouse management system (WMS) is integrated, which means that, as a customer, you have full control over stock balances, costs, documents, etc.<\/p>\n<h3>T\/S and temporary storage<\/h3>\n<p>The services we offer cover everything from T\/S* to temporary storage and more integrated solutions. The services are tailored to your needs and wishes as the customer. Everything is possible.<br \/>* T\/S = transhipment<\/p>\n<p>[\/et_pb_text][\/et_pb_column][\/et_pb_row][\/et_pb_section][et_pb_section fb_built=&#8221;1&#8243; _builder_version=&#8221;4.4.0&#8243; background_color=&#8221;#f4f4f4&#8243; custom_padding=&#8221;40px|||||&#8221; global_colors_info=&#8221;{}&#8221;][et_pb_row column_structure=&#8221;1_2,1_4,1_4&#8243; use_custom_gutter=&#8221;on&#8221; gutter_width=&#8221;2&#8243; _builder_version=&#8221;4.1&#8243; custom_margin=&#8221;|auto||auto|false|false&#8221; custom_padding=&#8221;40px||||false|false&#8221; global_colors_info=&#8221;{}&#8221;][et_pb_column type=&#8221;1_2&#8243; _builder_version=&#8221;4.1&#8243; global_colors_info=&#8221;{}&#8221;][et_pb_text _builder_version=&#8221;4.4.0&#8243; link_text_color=&#8221;#8c8c8c&#8221; global_colors_info=&#8221;{}&#8221;]<\/p>\n<h2>Feel free to contact us<\/h2>\n<p>Contact us if you have any questions about our construction services, if you need help with earth moving work, or if you simply would like to hire an excavator. Alltransport leads you to the right solution!<\/p>\n<p>&nbsp;<\/p>\n<h3>Norrk\u00f6ping: 011-19 83 26<br \/>E-post:\u00a0<a href=\"mailto:distribution@alltransport.se\">distribution@alltransport.se<\/a><\/h3>\n<p>[\/et_pb_text][\/et_pb_column][et_pb_column type=&#8221;1_4&#8243; _builder_version=&#8221;4.1&#8243; global_colors_info=&#8221;{}&#8221;][\/et_pb_column][et_pb_column type=&#8221;1_4&#8243; _builder_version=&#8221;4.1&#8243; global_colors_info=&#8221;{}&#8221;][\/et_pb_column][\/et_pb_row][et_pb_row column_structure=&#8221;1_4,1_4,1_4,1_4&#8243; use_custom_gutter=&#8221;on&#8221; gutter_width=&#8221;2&#8243; custom_padding_last_edited=&#8221;on|tablet&#8221; _builder_version=&#8221;4.4.1&#8243; width_tablet=&#8221;90%&#8221; width_phone=&#8221;&#8221; width_last_edited=&#8221;on|phone&#8221; custom_padding_tablet=&#8221;40px|40px|40px|40px|true|true&#8221; custom_padding_phone=&#8221;&#8221; global_colors_info=&#8221;{}&#8221;][et_pb_column type=&#8221;1_4&#8243; _builder_version=&#8221;4.4.0&#8243; background_color=&#8221;#ffffff&#8221; global_colors_info=&#8221;{}&#8221;][et_pb_team_member name=&#8221;Niklas Ryderstedt&#8221; position=&#8221;Responsible for Distribution &amp; Terminal&#8221; image_url=&#8221;https:\/\/www.alltransport.se\/wp-content\/uploads\/2020\/03\/Niklas-Ryderstedt_Alt.jpg&#8221; admin_label=&#8221;Niklas Ryderstedt&#8221; _builder_version=&#8221;4.4.1&#8243; body_font=&#8221;|600|||||||&#8221; position_text_color=&#8221;#0069b4&#8243; body_link_text_color=&#8221;#e02b20&#8243; text_orientation=&#8221;center&#8221; custom_margin=&#8221;||||false|false&#8221; custom_padding=&#8221;15px|10px|15px|10px|true|true&#8221; box_shadow_style=&#8221;preset1&#8243; global_colors_info=&#8221;{}&#8221; transform_styles__hover_enabled=&#8221;off|desktop&#8221; transform_scale__hover_enabled=&#8221;off|desktop&#8221; transform_translate__hover_enabled=&#8221;off|desktop&#8221; transform_rotate__hover_enabled=&#8221;off|desktop&#8221; transform_skew__hover_enabled=&#8221;off|desktop&#8221; transform_origin__hover_enabled=&#8221;off|desktop&#8221; transform_scale__hover=&#8221;105%|105%&#8221;]<\/p>\n<p>Norrk\u00f6ping<\/p>\n<p>[\/et_pb_team_member][\/et_pb_column][et_pb_column type=&#8221;1_4&#8243; _builder_version=&#8221;4.4.0&#8243; background_color=&#8221;#ffffff&#8221; global_colors_info=&#8221;{}&#8221;][et_pb_team_member name=&#8221;Jonatan Lindgren&#8221; position=&#8221;Transport planning&#8221; image_url=&#8221;https:\/\/www.alltransport.se\/wp-content\/uploads\/2021\/10\/Jonatan-Lindgren.jpg&#8221; admin_label=&#8221;Jonatan Lindgren&#8221; _builder_version=&#8221;4.10.2&#8243; body_font=&#8221;|600|||||||&#8221; position_text_color=&#8221;#0069b4&#8243; body_link_text_color=&#8221;#e02b20&#8243; text_orientation=&#8221;center&#8221; custom_margin=&#8221;||||false|false&#8221; custom_padding=&#8221;15px|10px|15px|10px|true|true&#8221; hover_enabled=&#8221;0&#8243; global_colors_info=&#8221;{}&#8221; transform_styles__hover_enabled=&#8221;off|desktop&#8221; transform_scale__hover_enabled=&#8221;off|desktop&#8221; transform_translate__hover_enabled=&#8221;off|desktop&#8221; transform_rotate__hover_enabled=&#8221;off|desktop&#8221; transform_skew__hover_enabled=&#8221;off|desktop&#8221; transform_origin__hover_enabled=&#8221;off|desktop&#8221; transform_scale__hover=&#8221;105%|105%&#8221; box_shadow_style=&#8221;preset1&#8243; sticky_enabled=&#8221;0&#8243;]<\/p>\n<p>Norrk\u00f6ping<\/p>\n<p>[\/et_pb_team_member][\/et_pb_column][et_pb_column type=&#8221;1_4&#8243; _builder_version=&#8221;4.4.0&#8243; background_enable_color=&#8221;off&#8221; global_colors_info=&#8221;{}&#8221;][\/et_pb_column][et_pb_column type=&#8221;1_4&#8243; _builder_version=&#8221;4.4.0&#8243; background_enable_color=&#8221;off&#8221; global_colors_info=&#8221;{}&#8221;][\/et_pb_column][\/et_pb_row][\/et_pb_section]<\/p>\n","protected":false},"excerpt":{"rendered":"<p>Warehousing &amp; 3PLOur terminal in Norrk\u00f6ping offers a number of flexible total solutions. We take responsibility for receipt, picking and distribution to the end customer. The terminal is easily accessible and has generous opening hours. The warehouse is housed in heated premises with both camera surveillance and an alarm system. Warehouse management system (WMS) Our warehouse management system (WMS) is integrated, and as a customer you have full control over stock balances, costs, documents, etc. 3PL warehouse management \u2013 The service for those wishing to hire warehouse space with third party logistics 3PL has grown a lot in recent years and become an important part of the business of e-commerce. With third party logistics, we take care of all of your warehousing and logistics operations. Together, we can find a solution based on your needs. Using 3PL frees up time and allows your staff to focus on your core business. It also avoids having to have your own warehouse and all the costs that entails. You say goodbye to fixed costs and pay only your variable costs \u2013 in other words, for the space you use and the service you require. It involves Alltransport, as the third party (3PL), taking [&hellip;]<\/p>\n","protected":false},"author":1,"featured_media":0,"parent":0,"menu_order":0,"comment_status":"closed","ping_status":"closed","template":"","meta":{"_et_pb_use_builder":"on","_et_pb_old_content":"","_et_gb_content_width":"","footnotes":""},"class_list":["post-1718","page","type-page","status-publish","hentry"],"yoast_head":"<!-- This site is optimized with the Yoast SEO plugin v27.3 - https:\/\/yoast.com\/product\/yoast-seo-wordpress\/ -->\n<title>3PL - L\u00f6sningar f\u00f6r lager &amp; tredjepartslogistik - Alltransport<\/title>\n<meta name=\"description\" content=\"Vi erbjuder flexibla helhetsl\u00f6sningar f\u00f6r lager och 3pl p\u00e5 v\u00e5r terminal i Norrk\u00f6ping. Lagret \u00e4r uppv\u00e4rmt, kamera- och larm\u00f6vervakat.\" \/>\n<meta name=\"robots\" content=\"index, follow, max-snippet:-1, max-image-preview:large, max-video-preview:-1\" \/>\n<link rel=\"canonical\" href=\"https:\/\/www.alltransport.se\/en\/warehousing-3pl\/\" \/>\n<meta property=\"og:locale\" content=\"en_US\" \/>\n<meta property=\"og:type\" content=\"article\" \/>\n<meta property=\"og:title\" content=\"3PL - L\u00f6sningar f\u00f6r lager &amp; tredjepartslogistik - Alltransport\" \/>\n<meta property=\"og:description\" content=\"Vi erbjuder flexibla helhetsl\u00f6sningar f\u00f6r lager och 3pl p\u00e5 v\u00e5r terminal i Norrk\u00f6ping. Lagret \u00e4r uppv\u00e4rmt, kamera- och larm\u00f6vervakat.\" \/>\n<meta property=\"og:url\" content=\"https:\/\/www.alltransport.se\/en\/warehousing-3pl\/\" \/>\n<meta property=\"og:site_name\" content=\"Alltransport\" \/>\n<meta property=\"article:publisher\" content=\"https:\/\/www.facebook.com\/alltransport37\" \/>\n<meta property=\"article:modified_time\" content=\"2021-10-29T13:21:16+00:00\" \/>\n<meta name=\"twitter:card\" content=\"summary_large_image\" \/>\n<meta name=\"twitter:label1\" content=\"Est. reading time\" \/>\n\t<meta name=\"twitter:data1\" content=\"5 minutes\" \/>\n<script type=\"application\/ld+json\" class=\"yoast-schema-graph\">{\"@context\":\"https:\\\/\\\/schema.org\",\"@graph\":[{\"@type\":\"WebPage\",\"@id\":\"https:\\\/\\\/www.alltransport.se\\\/en\\\/warehousing-3pl\\\/\",\"url\":\"https:\\\/\\\/www.alltransport.se\\\/en\\\/warehousing-3pl\\\/\",\"name\":\"3PL - L\u00f6sningar f\u00f6r lager & tredjepartslogistik - Alltransport\",\"isPartOf\":{\"@id\":\"https:\\\/\\\/www.alltransport.se\\\/en\\\/#website\"},\"datePublished\":\"2021-10-11T09:47:24+00:00\",\"dateModified\":\"2021-10-29T13:21:16+00:00\",\"description\":\"Vi erbjuder flexibla helhetsl\u00f6sningar f\u00f6r lager och 3pl p\u00e5 v\u00e5r terminal i Norrk\u00f6ping. Lagret \u00e4r uppv\u00e4rmt, kamera- och larm\u00f6vervakat.\",\"breadcrumb\":{\"@id\":\"https:\\\/\\\/www.alltransport.se\\\/en\\\/warehousing-3pl\\\/#breadcrumb\"},\"inLanguage\":\"en-US\",\"potentialAction\":[{\"@type\":\"ReadAction\",\"target\":[\"https:\\\/\\\/www.alltransport.se\\\/en\\\/warehousing-3pl\\\/\"]}]},{\"@type\":\"BreadcrumbList\",\"@id\":\"https:\\\/\\\/www.alltransport.se\\\/en\\\/warehousing-3pl\\\/#breadcrumb\",\"itemListElement\":[{\"@type\":\"ListItem\",\"position\":1,\"name\":\"Hem\",\"item\":\"https:\\\/\\\/www.alltransport.se\\\/en\\\/homepage\\\/\"},{\"@type\":\"ListItem\",\"position\":2,\"name\":\"Warehousing &#038; 3PL\"}]},{\"@type\":\"WebSite\",\"@id\":\"https:\\\/\\\/www.alltransport.se\\\/en\\\/#website\",\"url\":\"https:\\\/\\\/www.alltransport.se\\\/en\\\/\",\"name\":\"Alltransport\",\"description\":\"Vi erbjuder rikst\u00e4ckande transport- &amp; logistikl\u00f6sningar\",\"publisher\":{\"@id\":\"https:\\\/\\\/www.alltransport.se\\\/en\\\/#organization\"},\"potentialAction\":[{\"@type\":\"SearchAction\",\"target\":{\"@type\":\"EntryPoint\",\"urlTemplate\":\"https:\\\/\\\/www.alltransport.se\\\/en\\\/?s={search_term_string}\"},\"query-input\":{\"@type\":\"PropertyValueSpecification\",\"valueRequired\":true,\"valueName\":\"search_term_string\"}}],\"inLanguage\":\"en-US\"},{\"@type\":\"Organization\",\"@id\":\"https:\\\/\\\/www.alltransport.se\\\/en\\\/#organization\",\"name\":\"Alltransport\",\"url\":\"https:\\\/\\\/www.alltransport.se\\\/en\\\/\",\"logo\":{\"@type\":\"ImageObject\",\"inLanguage\":\"en-US\",\"@id\":\"https:\\\/\\\/www.alltransport.se\\\/en\\\/#\\\/schema\\\/logo\\\/image\\\/\",\"url\":\"https:\\\/\\\/www.alltransport.se\\\/wp-content\\\/uploads\\\/2019\\\/10\\\/AT_logovektor-liten.png\",\"contentUrl\":\"https:\\\/\\\/www.alltransport.se\\\/wp-content\\\/uploads\\\/2019\\\/10\\\/AT_logovektor-liten.png\",\"width\":778,\"height\":238,\"caption\":\"Alltransport\"},\"image\":{\"@id\":\"https:\\\/\\\/www.alltransport.se\\\/en\\\/#\\\/schema\\\/logo\\\/image\\\/\"},\"sameAs\":[\"https:\\\/\\\/www.facebook.com\\\/alltransport37\"]}]}<\/script>\n<!-- \/ Yoast SEO plugin. -->","yoast_head_json":{"title":"3PL - L\u00f6sningar f\u00f6r lager & tredjepartslogistik - Alltransport","description":"Vi erbjuder flexibla helhetsl\u00f6sningar f\u00f6r lager och 3pl p\u00e5 v\u00e5r terminal i Norrk\u00f6ping. Lagret \u00e4r uppv\u00e4rmt, kamera- och larm\u00f6vervakat.","robots":{"index":"index","follow":"follow","max-snippet":"max-snippet:-1","max-image-preview":"max-image-preview:large","max-video-preview":"max-video-preview:-1"},"canonical":"https:\/\/www.alltransport.se\/en\/warehousing-3pl\/","og_locale":"en_US","og_type":"article","og_title":"3PL - L\u00f6sningar f\u00f6r lager & tredjepartslogistik - Alltransport","og_description":"Vi erbjuder flexibla helhetsl\u00f6sningar f\u00f6r lager och 3pl p\u00e5 v\u00e5r terminal i Norrk\u00f6ping. Lagret \u00e4r uppv\u00e4rmt, kamera- och larm\u00f6vervakat.","og_url":"https:\/\/www.alltransport.se\/en\/warehousing-3pl\/","og_site_name":"Alltransport","article_publisher":"https:\/\/www.facebook.com\/alltransport37","article_modified_time":"2021-10-29T13:21:16+00:00","twitter_card":"summary_large_image","twitter_misc":{"Est. reading time":"5 minutes"},"schema":{"@context":"https:\/\/schema.org","@graph":[{"@type":"WebPage","@id":"https:\/\/www.alltransport.se\/en\/warehousing-3pl\/","url":"https:\/\/www.alltransport.se\/en\/warehousing-3pl\/","name":"3PL - L\u00f6sningar f\u00f6r lager & tredjepartslogistik - Alltransport","isPartOf":{"@id":"https:\/\/www.alltransport.se\/en\/#website"},"datePublished":"2021-10-11T09:47:24+00:00","dateModified":"2021-10-29T13:21:16+00:00","description":"Vi erbjuder flexibla helhetsl\u00f6sningar f\u00f6r lager och 3pl p\u00e5 v\u00e5r terminal i Norrk\u00f6ping. Lagret \u00e4r uppv\u00e4rmt, kamera- och larm\u00f6vervakat.","breadcrumb":{"@id":"https:\/\/www.alltransport.se\/en\/warehousing-3pl\/#breadcrumb"},"inLanguage":"en-US","potentialAction":[{"@type":"ReadAction","target":["https:\/\/www.alltransport.se\/en\/warehousing-3pl\/"]}]},{"@type":"BreadcrumbList","@id":"https:\/\/www.alltransport.se\/en\/warehousing-3pl\/#breadcrumb","itemListElement":[{"@type":"ListItem","position":1,"name":"Hem","item":"https:\/\/www.alltransport.se\/en\/homepage\/"},{"@type":"ListItem","position":2,"name":"Warehousing &#038; 3PL"}]},{"@type":"WebSite","@id":"https:\/\/www.alltransport.se\/en\/#website","url":"https:\/\/www.alltransport.se\/en\/","name":"Alltransport","description":"Vi erbjuder rikst\u00e4ckande transport- &amp; logistikl\u00f6sningar","publisher":{"@id":"https:\/\/www.alltransport.se\/en\/#organization"},"potentialAction":[{"@type":"SearchAction","target":{"@type":"EntryPoint","urlTemplate":"https:\/\/www.alltransport.se\/en\/?s={search_term_string}"},"query-input":{"@type":"PropertyValueSpecification","valueRequired":true,"valueName":"search_term_string"}}],"inLanguage":"en-US"},{"@type":"Organization","@id":"https:\/\/www.alltransport.se\/en\/#organization","name":"Alltransport","url":"https:\/\/www.alltransport.se\/en\/","logo":{"@type":"ImageObject","inLanguage":"en-US","@id":"https:\/\/www.alltransport.se\/en\/#\/schema\/logo\/image\/","url":"https:\/\/www.alltransport.se\/wp-content\/uploads\/2019\/10\/AT_logovektor-liten.png","contentUrl":"https:\/\/www.alltransport.se\/wp-content\/uploads\/2019\/10\/AT_logovektor-liten.png","width":778,"height":238,"caption":"Alltransport"},"image":{"@id":"https:\/\/www.alltransport.se\/en\/#\/schema\/logo\/image\/"},"sameAs":["https:\/\/www.facebook.com\/alltransport37"]}]}},"_links":{"self":[{"href":"https:\/\/www.alltransport.se\/en\/wp-json\/wp\/v2\/pages\/1718","targetHints":{"allow":["GET"]}}],"collection":[{"href":"https:\/\/www.alltransport.se\/en\/wp-json\/wp\/v2\/pages"}],"about":[{"href":"https:\/\/www.alltransport.se\/en\/wp-json\/wp\/v2\/types\/page"}],"author":[{"embeddable":true,"href":"https:\/\/www.alltransport.se\/en\/wp-json\/wp\/v2\/users\/1"}],"replies":[{"embeddable":true,"href":"https:\/\/www.alltransport.se\/en\/wp-json\/wp\/v2\/comments?post=1718"}],"version-history":[{"count":4,"href":"https:\/\/www.alltransport.se\/en\/wp-json\/wp\/v2\/pages\/1718\/revisions"}],"predecessor-version":[{"id":2000,"href":"https:\/\/www.alltransport.se\/en\/wp-json\/wp\/v2\/pages\/1718\/revisions\/2000"}],"wp:attachment":[{"href":"https:\/\/www.alltransport.se\/en\/wp-json\/wp\/v2\/media?parent=1718"}],"curies":[{"name":"wp","href":"https:\/\/api.w.org\/{rel}","templated":true}]}}