{"id":2251,"date":"2022-05-05T09:33:58","date_gmt":"2022-05-05T07:33:58","guid":{"rendered":"https:\/\/www.alltransport.se\/contact-norrkoping\/"},"modified":"2022-05-05T09:37:05","modified_gmt":"2022-05-05T07:37:05","slug":"contact-norrkoping","status":"publish","type":"page","link":"https:\/\/www.alltransport.se\/en\/contact-norrkoping\/","title":{"rendered":"Contact &#8211; Norrk\u00f6ping"},"content":{"rendered":"<p>[et_pb_section fb_built=&#8221;1&#8243; _builder_version=&#8221;4.0.6&#8243; custom_padding=&#8221;||55px|||&#8221; global_colors_info=&#8221;{}&#8221;][et_pb_row _builder_version=&#8221;4.0.6&#8243; custom_margin=&#8221;||||false|false&#8221; custom_padding=&#8221;40px||0px||false|false&#8221; global_colors_info=&#8221;{}&#8221;][et_pb_column type=&#8221;4_4&#8243; _builder_version=&#8221;4.0.6&#8243; global_colors_info=&#8221;{}&#8221;][et_pb_text _builder_version=&#8221;4.13.1&#8243; header_font_size=&#8221;28px&#8221; background_color=&#8221;#1e3556&#8243; text_orientation=&#8221;center&#8221; background_layout=&#8221;dark&#8221; custom_margin=&#8221;||||false|false&#8221; custom_padding=&#8221;8px|20px|2px|20px|false|true&#8221; header_font_size_tablet=&#8221;25px&#8221; header_font_size_phone=&#8221;20px&#8221; header_font_size_last_edited=&#8221;on|phone&#8221; header_2_font_size_tablet=&#8221;25px&#8221; header_2_font_size_phone=&#8221;20px&#8221; header_2_font_size_last_edited=&#8221;on|phone&#8221; global_colors_info=&#8221;{}&#8221;]<\/p>\n<h1>Contact Norrk\u00f6ping<\/h1>\n<p>[\/et_pb_text][\/et_pb_column][\/et_pb_row][et_pb_row column_structure=&#8221;1_4,1_4,1_4,1_4&#8243; use_custom_gutter=&#8221;on&#8221; gutter_width=&#8221;2&#8243; make_equal=&#8221;on&#8221; custom_padding_last_edited=&#8221;on|tablet&#8221; _builder_version=&#8221;4.6.5&#8243; z_index=&#8221;500&#8243; width_tablet=&#8221;90%&#8221; width_phone=&#8221;&#8221; width_last_edited=&#8221;on|phone&#8221; custom_padding=&#8221;40px||0px|||&#8221; custom_padding_tablet=&#8221;40px|40px|40px|40px|true|true&#8221; custom_padding_phone=&#8221;&#8221; global_colors_info=&#8221;{}&#8221;][et_pb_column type=&#8221;1_4&#8243; _builder_version=&#8221;4.4.1&#8243; box_shadow_style=&#8221;preset1&#8243; box_shadow_blur=&#8221;25px&#8221; global_colors_info=&#8221;{}&#8221; transform_styles__hover_enabled=&#8221;on|hover&#8221; transform_scale__hover_enabled=&#8221;on|hover&#8221; transform_translate__hover_enabled=&#8221;on|desktop&#8221; transform_rotate__hover_enabled=&#8221;on|desktop&#8221; transform_skew__hover_enabled=&#8221;on|desktop&#8221; transform_origin__hover_enabled=&#8221;on|desktop&#8221; transform_scale__hover=&#8221;105%|105%&#8221;][et_pb_team_member name=&#8221;Adam Andersson&#8221; position=&#8221;Market- &amp; Sales manager&#8221; image_url=&#8221;https:\/\/www.alltransport.se\/wp-content\/uploads\/2019\/11\/Adam-Andersson.jpg&#8221; admin_label=&#8221;Adam Andersson&#8221; _builder_version=&#8221;4.4.1&#8243; body_font=&#8221;|600|||||||&#8221; position_text_color=&#8221;#0069b4&#8243; body_link_text_color=&#8221;#e02b20&#8243; text_orientation=&#8221;center&#8221; custom_margin=&#8221;||||false|false&#8221; custom_padding=&#8221;15px|10px|15px|10px|true|true&#8221; global_colors_info=&#8221;{}&#8221; transform_styles__hover_enabled=&#8221;off|desktop&#8221; transform_scale__hover_enabled=&#8221;off|desktop&#8221; transform_translate__hover_enabled=&#8221;off|desktop&#8221; transform_rotate__hover_enabled=&#8221;off|desktop&#8221; transform_skew__hover_enabled=&#8221;off|desktop&#8221; transform_origin__hover_enabled=&#8221;off|desktop&#8221; transform_scale__hover=&#8221;105%|105%&#8221;]<a href=\"tel:011-19-83-45\">011-19 83 45<\/a><br \/>\nNorrk\u00f6ping<br \/>\n<a href=\"mailto:adam.andersson@alltransport.se\">E-mail<\/a>[\/et_pb_team_member][\/et_pb_column][et_pb_column type=&#8221;1_4&#8243; _builder_version=&#8221;4.0.6&#8243; box_shadow_style=&#8221;preset1&#8243; box_shadow_blur=&#8221;25px&#8221; global_colors_info=&#8221;{}&#8221; transform_styles__hover_enabled=&#8221;on|hover&#8221; transform_scale__hover_enabled=&#8221;on|hover&#8221; transform_translate__hover_enabled=&#8221;on|desktop&#8221; transform_rotate__hover_enabled=&#8221;on|desktop&#8221; transform_skew__hover_enabled=&#8221;on|desktop&#8221; transform_origin__hover_enabled=&#8221;on|desktop&#8221; transform_scale__hover=&#8221;105%|105%&#8221;][et_pb_team_member name=&#8221;Daniel Langeville&#8221; position=&#8221;Logistics&#8221; image_url=&#8221;https:\/\/www.alltransport.se\/wp-content\/uploads\/2019\/11\/Daniel-Langeville.jpg&#8221; admin_label=&#8221;Daniel Langeville&#8221; _builder_version=&#8221;4.4.1&#8243; body_font=&#8221;|600|||||||&#8221; position_text_color=&#8221;#0069b4&#8243; body_link_text_color=&#8221;#e02b20&#8243; text_orientation=&#8221;center&#8221; custom_margin=&#8221;||||false|false&#8221; custom_padding=&#8221;15px|10px|15px|10px|true|true&#8221; global_colors_info=&#8221;{}&#8221; transform_styles__hover_enabled=&#8221;off|desktop&#8221; transform_scale__hover_enabled=&#8221;off|desktop&#8221; transform_translate__hover_enabled=&#8221;off|desktop&#8221; transform_rotate__hover_enabled=&#8221;off|desktop&#8221; transform_skew__hover_enabled=&#8221;off|desktop&#8221; transform_origin__hover_enabled=&#8221;off|desktop&#8221; transform_scale__hover=&#8221;105%|105%&#8221;]<a href=\"tel:011-19-83-34\">011-19 83 34<\/a><br \/>\nNorrk\u00f6ping<br \/>\n<a href=\"mailto:daniel.langeville@alltransport.se\">E-mail<\/a>[\/et_pb_team_member][\/et_pb_column][et_pb_column type=&#8221;1_4&#8243; _builder_version=&#8221;4.0.6&#8243; box_shadow_style=&#8221;preset1&#8243; box_shadow_blur=&#8221;25px&#8221; global_colors_info=&#8221;{}&#8221; transform_styles__hover_enabled=&#8221;on|hover&#8221; transform_scale__hover_enabled=&#8221;on|hover&#8221; transform_translate__hover_enabled=&#8221;on|desktop&#8221; transform_rotate__hover_enabled=&#8221;on|desktop&#8221; transform_skew__hover_enabled=&#8221;on|desktop&#8221; transform_origin__hover_enabled=&#8221;on|desktop&#8221; transform_scale__hover=&#8221;105%|105%&#8221;][et_pb_team_member name=&#8221;Anders Wiman&#8221; position=&#8221;Business area manager Logistics, Bio &amp; Environment&#8221; image_url=&#8221;https:\/\/www.alltransport.se\/wp-content\/uploads\/2019\/11\/Anders-Wiman.jpg&#8221; admin_label=&#8221;Anders Wiman&#8221; _builder_version=&#8221;4.4.1&#8243; body_font=&#8221;|600|||||||&#8221; position_text_color=&#8221;#0069b4&#8243; body_link_text_color=&#8221;#e02b20&#8243; text_orientation=&#8221;center&#8221; custom_margin=&#8221;||||false|false&#8221; custom_padding=&#8221;15px|10px|15px|10px|true|true&#8221; global_colors_info=&#8221;{}&#8221; transform_styles__hover_enabled=&#8221;off|desktop&#8221; transform_scale__hover_enabled=&#8221;off|desktop&#8221; transform_translate__hover_enabled=&#8221;off|desktop&#8221; transform_rotate__hover_enabled=&#8221;off|desktop&#8221; transform_skew__hover_enabled=&#8221;off|desktop&#8221; transform_origin__hover_enabled=&#8221;off|desktop&#8221; transform_scale__hover=&#8221;105%|105%&#8221;]<a href=\"tel:011-19-83-33\">011-19 83 33<\/a><br \/>\nNorrk\u00f6ping<br \/>\n<a href=\"mailto:anders.wiman@alltransport.se\">E-mail<\/a>[\/et_pb_team_member][\/et_pb_column][et_pb_column type=&#8221;1_4&#8243; _builder_version=&#8221;4.0.6&#8243; box_shadow_style=&#8221;preset1&#8243; box_shadow_blur=&#8221;25px&#8221; global_colors_info=&#8221;{}&#8221; transform_styles__hover_enabled=&#8221;on|hover&#8221; transform_scale__hover_enabled=&#8221;on|hover&#8221; transform_translate__hover_enabled=&#8221;on|desktop&#8221; transform_rotate__hover_enabled=&#8221;on|desktop&#8221; transform_skew__hover_enabled=&#8221;on|desktop&#8221; transform_origin__hover_enabled=&#8221;on|desktop&#8221; transform_scale__hover=&#8221;105%|105%&#8221;][et_pb_team_member name=&#8221;Peter Wilhelmsson&#8221; position=&#8221;Contracting manager\/ Business area manager&#8221; image_url=&#8221;https:\/\/www.alltransport.se\/wp-content\/uploads\/2021\/04\/Peter-Wilhelmsson-2.jpg&#8221; admin_label=&#8221;Peter Wilhelmsson&#8221; _builder_version=&#8221;4.6.5&#8243; body_font=&#8221;|600|||||||&#8221; position_text_color=&#8221;#0069b4&#8243; body_link_text_color=&#8221;#e02b20&#8243; text_orientation=&#8221;center&#8221; custom_margin=&#8221;||||false|false&#8221; custom_padding=&#8221;15px|10px|15px|10px|true|true&#8221; global_colors_info=&#8221;{}&#8221; transform_styles__hover_enabled=&#8221;off|desktop&#8221; transform_scale__hover_enabled=&#8221;off|desktop&#8221; transform_translate__hover_enabled=&#8221;off|desktop&#8221; transform_rotate__hover_enabled=&#8221;off|desktop&#8221; transform_skew__hover_enabled=&#8221;off|desktop&#8221; transform_origin__hover_enabled=&#8221;off|desktop&#8221; transform_scale__hover=&#8221;105%|105%&#8221;]<a href=\"tel:011-19-83-06\">011-19 83 06<\/a><br \/>\nNorrk\u00f6ping<br \/>\n<a href=\"peter.wilhelmsson@alltransport.se\">E-mail<\/a>[\/et_pb_team_member][\/et_pb_column][\/et_pb_row][et_pb_row column_structure=&#8221;1_2,1_2&#8243; use_custom_gutter=&#8221;on&#8221; gutter_width=&#8221;2&#8243; make_equal=&#8221;on&#8221; custom_padding_last_edited=&#8221;on|phone&#8221; _builder_version=&#8221;4.6.5&#8243; width_tablet=&#8221;90%&#8221; width_phone=&#8221;90%&#8221; width_last_edited=&#8221;on|phone&#8221; custom_padding=&#8221;40px||0px|||&#8221; custom_padding_tablet=&#8221;40px|40px|40px|40px|true|true&#8221; custom_padding_phone=&#8221;&#8221; global_colors_info=&#8221;{}&#8221;][et_pb_column type=&#8221;1_2&#8243; _builder_version=&#8221;4.0.6&#8243; box_shadow_style=&#8221;preset1&#8243; box_shadow_blur=&#8221;25px&#8221; global_colors_info=&#8221;{}&#8221; transform_styles__hover_enabled=&#8221;on|hover&#8221; transform_scale__hover_enabled=&#8221;on|hover&#8221; transform_translate__hover_enabled=&#8221;on|desktop&#8221; transform_rotate__hover_enabled=&#8221;on|desktop&#8221; transform_skew__hover_enabled=&#8221;on|desktop&#8221; transform_origin__hover_enabled=&#8221;on|desktop&#8221; transform_scale__hover=&#8221;105%|105%&#8221;][et_pb_team_member name=&#8221;Norrk\u00f6ping&#8221; admin_label=&#8221;Norrk\u00f6ping, HK&#8221; _builder_version=&#8221;4.4.2&#8243; body_font=&#8221;|600|||||||&#8221; position_text_color=&#8221;#0069b4&#8243; body_link_text_color=&#8221;#e02b20&#8243; text_orientation=&#8221;center&#8221; custom_margin=&#8221;||0px||false|false&#8221; custom_padding=&#8221;15px|10px|20px|10px|false|true&#8221; global_colors_info=&#8221;{}&#8221; transform_styles__hover_enabled=&#8221;off|desktop&#8221; transform_scale__hover_enabled=&#8221;off|desktop&#8221; transform_translate__hover_enabled=&#8221;off|desktop&#8221; transform_rotate__hover_enabled=&#8221;off|desktop&#8221; transform_skew__hover_enabled=&#8221;off|desktop&#8221; transform_origin__hover_enabled=&#8221;off|desktop&#8221; transform_scale__hover=&#8221;105%|105%&#8221;]<strong>Headquarters<\/strong><br \/>\nGustaf Adolfsgatan 21,<br \/>\nSE-602 28 Norrk\u00f6ping<\/p>\n<p>Phone:\u00a0<a href=\"tel:+46-11-19-83-00\">+46 11-19 83 00<\/a>[\/et_pb_team_member][et_pb_map address=&#8221;Gustaf Adolfsgatan 21, 602 28 Norrk\u00f6ping, Sverige&#8221; zoom_level=&#8221;14&#8243; address_lat=&#8221;58.5836855&#8243; address_lng=&#8221;16.2080862&#8243; mouse_wheel=&#8221;off&#8221; _builder_version=&#8221;4.6.5&#8243; positioning=&#8221;none&#8221; position_origin_a=&#8221;bottom_center&#8221; position_origin_a_tablet=&#8221;&#8221; position_origin_a_phone=&#8221;&#8221; position_origin_a_last_edited=&#8221;on|desktop&#8221; position_origin_f_tablet=&#8221;&#8221; position_origin_f_phone=&#8221;&#8221; position_origin_f_last_edited=&#8221;on|desktop&#8221; position_origin_r_tablet=&#8221;&#8221; position_origin_r_phone=&#8221;&#8221; position_origin_r_last_edited=&#8221;on|desktop&#8221; width=&#8221;100%&#8221; custom_margin=&#8221;||0px||false|false&#8221; custom_padding=&#8221;||||false|false&#8221; positioning_tablet=&#8221;relative&#8221; positioning_phone=&#8221;&#8221; positioning_last_edited=&#8221;on|tablet&#8221; global_colors_info=&#8221;{}&#8221;][et_pb_map_pin title=&#8221;Headquarters&#8221; pin_address=&#8221;Gustaf Adolfsgatan 21, 602 28 Norrk\u00f6ping, Sverige&#8221; pin_address_lat=&#8221;58.5836855&#8243; pin_address_lng=&#8221;16.2080862&#8243; _builder_version=&#8221;4.4.6&#8243; global_colors_info=&#8221;{}&#8221;][\/et_pb_map_pin][\/et_pb_map][\/et_pb_column][et_pb_column type=&#8221;1_2&#8243; _builder_version=&#8221;4.0.6&#8243; box_shadow_style=&#8221;preset1&#8243; box_shadow_blur=&#8221;25px&#8221; global_colors_info=&#8221;{}&#8221; transform_styles__hover_enabled=&#8221;on|hover&#8221; transform_scale__hover_enabled=&#8221;on|hover&#8221; transform_translate__hover_enabled=&#8221;on|desktop&#8221; transform_rotate__hover_enabled=&#8221;on|desktop&#8221; transform_skew__hover_enabled=&#8221;on|desktop&#8221; transform_origin__hover_enabled=&#8221;on|desktop&#8221; transform_scale__hover=&#8221;105%|105%&#8221;][et_pb_team_member name=&#8221;Norrk\u00f6ping&#8221; admin_label=&#8221;Norrk\u00f6ping, terminal&#8221; _builder_version=&#8221;4.4.4&#8243; body_font=&#8221;|600|||||||&#8221; position_text_color=&#8221;#0069b4&#8243; body_link_text_color=&#8221;#e02b20&#8243; text_orientation=&#8221;center&#8221; custom_margin=&#8221;||0px||false|false&#8221; custom_padding=&#8221;15px|10px|20px|10px|false|true&#8221; global_colors_info=&#8221;{}&#8221; transform_styles__hover_enabled=&#8221;off|desktop&#8221; transform_scale__hover_enabled=&#8221;off|desktop&#8221; transform_translate__hover_enabled=&#8221;off|desktop&#8221; transform_rotate__hover_enabled=&#8221;off|desktop&#8221; transform_skew__hover_enabled=&#8221;off|desktop&#8221; transform_origin__hover_enabled=&#8221;off|desktop&#8221; transform_scale__hover=&#8221;105%|105%&#8221;]<strong>Office\/Terminal<\/strong><br \/>\nLitiumgatan 8<br \/>\nSE-602 23 Norrk\u00f6ping<\/p>\n<p>Phone:\u00a0<a href=\"tel:+46-11-19-83-26\">+46 11-19 83 26<\/a>[\/et_pb_team_member][et_pb_map address=&#8221;Kromgatan 10, 602 23 Norrk\u00f6ping, Sverige&#8221; zoom_level=&#8221;12&#8243; address_lat=&#8221;58.6117888&#8243; address_lng=&#8221;16.1687591&#8243; mouse_wheel=&#8221;off&#8221; _builder_version=&#8221;4.6.5&#8243; positioning=&#8221;none&#8221; position_origin_a=&#8221;bottom_center&#8221; position_origin_a_tablet=&#8221;&#8221; position_origin_a_phone=&#8221;&#8221; position_origin_a_last_edited=&#8221;on|desktop&#8221; position_origin_f_tablet=&#8221;&#8221; position_origin_f_phone=&#8221;&#8221; position_origin_f_last_edited=&#8221;on|desktop&#8221; position_origin_r_tablet=&#8221;&#8221; position_origin_r_phone=&#8221;&#8221; position_origin_r_last_edited=&#8221;on|desktop&#8221; width=&#8221;100%&#8221; custom_margin=&#8221;||0px||false|false&#8221; positioning_tablet=&#8221;relative&#8221; positioning_phone=&#8221;&#8221; positioning_last_edited=&#8221;on|desktop&#8221; global_colors_info=&#8221;{}&#8221;][et_pb_map_pin title=&#8221;Terminal&#8221; pin_address=&#8221;Kromgatan 10, 602 23 Norrk\u00f6ping, Sverige&#8221; zoom_level=&#8221;15&#8243; pin_address_lat=&#8221;58.6117888&#8243; pin_address_lng=&#8221;16.1687591&#8243; _builder_version=&#8221;4.4.6&#8243; global_colors_info=&#8221;{}&#8221;][\/et_pb_map_pin][\/et_pb_map][\/et_pb_column][\/et_pb_row][\/et_pb_section]<\/p>\n","protected":false},"excerpt":{"rendered":"<p>Contact Norrk\u00f6ping011-19 83 45 Norrk\u00f6ping E-mail011-19 83 34 Norrk\u00f6ping E-mail011-19 83 33 Norrk\u00f6ping E-mail011-19 83 06 Norrk\u00f6ping E-mailHeadquarters Gustaf Adolfsgatan 21, SE-602 28 Norrk\u00f6ping Phone:\u00a0+46 11-19 83 00Office\/Terminal Litiumgatan 8 SE-602 23 Norrk\u00f6ping Phone:\u00a0+46 11-19 83 26<\/p>\n","protected":false},"author":1,"featured_media":0,"parent":0,"menu_order":0,"comment_status":"closed","ping_status":"closed","template":"","meta":{"_et_pb_use_builder":"on","_et_pb_old_content":"","_et_gb_content_width":"","footnotes":""},"class_list":["post-2251","page","type-page","status-publish","hentry"],"yoast_head":"<!-- This site is optimized with the Yoast SEO plugin v27.3 - https:\/\/yoast.com\/product\/yoast-seo-wordpress\/ -->\n<title>Contact - Norrk\u00f6ping - Alltransport<\/title>\n<meta name=\"robots\" content=\"index, follow, max-snippet:-1, max-image-preview:large, max-video-preview:-1\" \/>\n<link rel=\"canonical\" href=\"https:\/\/www.alltransport.se\/en\/contact-norrkoping\/\" \/>\n<meta property=\"og:locale\" content=\"en_US\" \/>\n<meta property=\"og:type\" content=\"article\" \/>\n<meta property=\"og:title\" content=\"Contact - Norrk\u00f6ping - Alltransport\" \/>\n<meta property=\"og:description\" content=\"Contact Norrk\u00f6ping011-19 83 45 Norrk\u00f6ping E-mail011-19 83 34 Norrk\u00f6ping E-mail011-19 83 33 Norrk\u00f6ping E-mail011-19 83 06 Norrk\u00f6ping E-mailHeadquarters Gustaf Adolfsgatan 21, SE-602 28 Norrk\u00f6ping Phone:\u00a0+46 11-19 83 00Office\/Terminal Litiumgatan 8 SE-602 23 Norrk\u00f6ping Phone:\u00a0+46 11-19 83 26\" \/>\n<meta property=\"og:url\" content=\"https:\/\/www.alltransport.se\/en\/contact-norrkoping\/\" \/>\n<meta property=\"og:site_name\" content=\"Alltransport\" \/>\n<meta property=\"article:publisher\" content=\"https:\/\/www.facebook.com\/alltransport37\" \/>\n<meta property=\"article:modified_time\" content=\"2022-05-05T07:37:05+00:00\" \/>\n<meta name=\"twitter:card\" content=\"summary_large_image\" \/>\n<meta name=\"twitter:label1\" content=\"Est. reading time\" \/>\n\t<meta name=\"twitter:data1\" content=\"7 minutes\" \/>\n<script type=\"application\/ld+json\" class=\"yoast-schema-graph\">{\"@context\":\"https:\\\/\\\/schema.org\",\"@graph\":[{\"@type\":\"WebPage\",\"@id\":\"https:\\\/\\\/www.alltransport.se\\\/en\\\/contact-norrkoping\\\/\",\"url\":\"https:\\\/\\\/www.alltransport.se\\\/en\\\/contact-norrkoping\\\/\",\"name\":\"Contact - Norrk\u00f6ping - Alltransport\",\"isPartOf\":{\"@id\":\"https:\\\/\\\/www.alltransport.se\\\/en\\\/#website\"},\"datePublished\":\"2022-05-05T07:33:58+00:00\",\"dateModified\":\"2022-05-05T07:37:05+00:00\",\"breadcrumb\":{\"@id\":\"https:\\\/\\\/www.alltransport.se\\\/en\\\/contact-norrkoping\\\/#breadcrumb\"},\"inLanguage\":\"en-US\",\"potentialAction\":[{\"@type\":\"ReadAction\",\"target\":[\"https:\\\/\\\/www.alltransport.se\\\/en\\\/contact-norrkoping\\\/\"]}]},{\"@type\":\"BreadcrumbList\",\"@id\":\"https:\\\/\\\/www.alltransport.se\\\/en\\\/contact-norrkoping\\\/#breadcrumb\",\"itemListElement\":[{\"@type\":\"ListItem\",\"position\":1,\"name\":\"Hem\",\"item\":\"https:\\\/\\\/www.alltransport.se\\\/en\\\/homepage\\\/\"},{\"@type\":\"ListItem\",\"position\":2,\"name\":\"Contact &#8211; Norrk\u00f6ping\"}]},{\"@type\":\"WebSite\",\"@id\":\"https:\\\/\\\/www.alltransport.se\\\/en\\\/#website\",\"url\":\"https:\\\/\\\/www.alltransport.se\\\/en\\\/\",\"name\":\"Alltransport\",\"description\":\"Vi erbjuder rikst\u00e4ckande transport- &amp; logistikl\u00f6sningar\",\"publisher\":{\"@id\":\"https:\\\/\\\/www.alltransport.se\\\/en\\\/#organization\"},\"potentialAction\":[{\"@type\":\"SearchAction\",\"target\":{\"@type\":\"EntryPoint\",\"urlTemplate\":\"https:\\\/\\\/www.alltransport.se\\\/en\\\/?s={search_term_string}\"},\"query-input\":{\"@type\":\"PropertyValueSpecification\",\"valueRequired\":true,\"valueName\":\"search_term_string\"}}],\"inLanguage\":\"en-US\"},{\"@type\":\"Organization\",\"@id\":\"https:\\\/\\\/www.alltransport.se\\\/en\\\/#organization\",\"name\":\"Alltransport\",\"url\":\"https:\\\/\\\/www.alltransport.se\\\/en\\\/\",\"logo\":{\"@type\":\"ImageObject\",\"inLanguage\":\"en-US\",\"@id\":\"https:\\\/\\\/www.alltransport.se\\\/en\\\/#\\\/schema\\\/logo\\\/image\\\/\",\"url\":\"https:\\\/\\\/www.alltransport.se\\\/wp-content\\\/uploads\\\/2019\\\/10\\\/AT_logovektor-liten.png\",\"contentUrl\":\"https:\\\/\\\/www.alltransport.se\\\/wp-content\\\/uploads\\\/2019\\\/10\\\/AT_logovektor-liten.png\",\"width\":778,\"height\":238,\"caption\":\"Alltransport\"},\"image\":{\"@id\":\"https:\\\/\\\/www.alltransport.se\\\/en\\\/#\\\/schema\\\/logo\\\/image\\\/\"},\"sameAs\":[\"https:\\\/\\\/www.facebook.com\\\/alltransport37\"]}]}<\/script>\n<!-- \/ Yoast SEO plugin. -->","yoast_head_json":{"title":"Contact - Norrk\u00f6ping - Alltransport","robots":{"index":"index","follow":"follow","max-snippet":"max-snippet:-1","max-image-preview":"max-image-preview:large","max-video-preview":"max-video-preview:-1"},"canonical":"https:\/\/www.alltransport.se\/en\/contact-norrkoping\/","og_locale":"en_US","og_type":"article","og_title":"Contact - Norrk\u00f6ping - Alltransport","og_description":"Contact Norrk\u00f6ping011-19 83 45 Norrk\u00f6ping E-mail011-19 83 34 Norrk\u00f6ping E-mail011-19 83 33 Norrk\u00f6ping E-mail011-19 83 06 Norrk\u00f6ping E-mailHeadquarters Gustaf Adolfsgatan 21, SE-602 28 Norrk\u00f6ping Phone:\u00a0+46 11-19 83 00Office\/Terminal Litiumgatan 8 SE-602 23 Norrk\u00f6ping Phone:\u00a0+46 11-19 83 26","og_url":"https:\/\/www.alltransport.se\/en\/contact-norrkoping\/","og_site_name":"Alltransport","article_publisher":"https:\/\/www.facebook.com\/alltransport37","article_modified_time":"2022-05-05T07:37:05+00:00","twitter_card":"summary_large_image","twitter_misc":{"Est. reading time":"7 minutes"},"schema":{"@context":"https:\/\/schema.org","@graph":[{"@type":"WebPage","@id":"https:\/\/www.alltransport.se\/en\/contact-norrkoping\/","url":"https:\/\/www.alltransport.se\/en\/contact-norrkoping\/","name":"Contact - Norrk\u00f6ping - Alltransport","isPartOf":{"@id":"https:\/\/www.alltransport.se\/en\/#website"},"datePublished":"2022-05-05T07:33:58+00:00","dateModified":"2022-05-05T07:37:05+00:00","breadcrumb":{"@id":"https:\/\/www.alltransport.se\/en\/contact-norrkoping\/#breadcrumb"},"inLanguage":"en-US","potentialAction":[{"@type":"ReadAction","target":["https:\/\/www.alltransport.se\/en\/contact-norrkoping\/"]}]},{"@type":"BreadcrumbList","@id":"https:\/\/www.alltransport.se\/en\/contact-norrkoping\/#breadcrumb","itemListElement":[{"@type":"ListItem","position":1,"name":"Hem","item":"https:\/\/www.alltransport.se\/en\/homepage\/"},{"@type":"ListItem","position":2,"name":"Contact &#8211; Norrk\u00f6ping"}]},{"@type":"WebSite","@id":"https:\/\/www.alltransport.se\/en\/#website","url":"https:\/\/www.alltransport.se\/en\/","name":"Alltransport","description":"Vi erbjuder rikst\u00e4ckande transport- &amp; logistikl\u00f6sningar","publisher":{"@id":"https:\/\/www.alltransport.se\/en\/#organization"},"potentialAction":[{"@type":"SearchAction","target":{"@type":"EntryPoint","urlTemplate":"https:\/\/www.alltransport.se\/en\/?s={search_term_string}"},"query-input":{"@type":"PropertyValueSpecification","valueRequired":true,"valueName":"search_term_string"}}],"inLanguage":"en-US"},{"@type":"Organization","@id":"https:\/\/www.alltransport.se\/en\/#organization","name":"Alltransport","url":"https:\/\/www.alltransport.se\/en\/","logo":{"@type":"ImageObject","inLanguage":"en-US","@id":"https:\/\/www.alltransport.se\/en\/#\/schema\/logo\/image\/","url":"https:\/\/www.alltransport.se\/wp-content\/uploads\/2019\/10\/AT_logovektor-liten.png","contentUrl":"https:\/\/www.alltransport.se\/wp-content\/uploads\/2019\/10\/AT_logovektor-liten.png","width":778,"height":238,"caption":"Alltransport"},"image":{"@id":"https:\/\/www.alltransport.se\/en\/#\/schema\/logo\/image\/"},"sameAs":["https:\/\/www.facebook.com\/alltransport37"]}]}},"_links":{"self":[{"href":"https:\/\/www.alltransport.se\/en\/wp-json\/wp\/v2\/pages\/2251","targetHints":{"allow":["GET"]}}],"collection":[{"href":"https:\/\/www.alltransport.se\/en\/wp-json\/wp\/v2\/pages"}],"about":[{"href":"https:\/\/www.alltransport.se\/en\/wp-json\/wp\/v2\/types\/page"}],"author":[{"embeddable":true,"href":"https:\/\/www.alltransport.se\/en\/wp-json\/wp\/v2\/users\/1"}],"replies":[{"embeddable":true,"href":"https:\/\/www.alltransport.se\/en\/wp-json\/wp\/v2\/comments?post=2251"}],"version-history":[{"count":4,"href":"https:\/\/www.alltransport.se\/en\/wp-json\/wp\/v2\/pages\/2251\/revisions"}],"predecessor-version":[{"id":2256,"href":"https:\/\/www.alltransport.se\/en\/wp-json\/wp\/v2\/pages\/2251\/revisions\/2256"}],"wp:attachment":[{"href":"https:\/\/www.alltransport.se\/en\/wp-json\/wp\/v2\/media?parent=2251"}],"curies":[{"name":"wp","href":"https:\/\/api.w.org\/{rel}","templated":true}]}}